{"id":206,"date":"2020-10-06T21:54:07","date_gmt":"2020-10-06T19:54:07","guid":{"rendered":"https:\/\/www.sdhceskabriza.cz\/?page_id=206"},"modified":"2022-04-07T07:17:36","modified_gmt":"2022-04-07T05:17:36","slug":"kronika-kolektivu","status":"publish","type":"page","link":"https:\/\/www.sdhceskabriza.cz\/?page_id=206","title":{"rendered":"2021"},"content":{"rendered":"\n<p><strong>SOUT\u011a\u017d K&nbsp;110. V\u00ddRO\u010c\u00cd SDH&nbsp;\u010cESK\u00c1 B\u0158\u00cdZA<\/strong><\/p>\n\n\n\n<p>Dne 18. 9. 2021 uspo\u0159\u00e1dal n\u00e1\u0161 sbor sout\u011b\u017e u p\u0159\u00edle\u017eitosti 110. v\u00fdro\u010d\u00ed zalo\u017een\u00ed.<\/p>\n\n\n\n<p>My jsme se na tuto sout\u011b\u017e piln\u011b p\u0159ipravovali, a proto\u017ee to byla pro n\u00e1s nejpresti\u017en\u011bj\u0161\u00ed sout\u011b\u017e v&nbsp;leto\u0161n\u00edm roce, dali jsme si po\u0159\u00e1dn\u011b z\u00e1le\u017eet. Dokonce jsme dali dohromady t\u0159i dru\u017estva, nejmlad\u0161\u00ed, mlad\u0161\u00ed a star\u0161\u00ed.<\/p>\n\n\n\n<p>Sout\u011b\u017e byla rozd\u011blena na dv\u011b \u010d\u00e1sti \u2013 netradi\u010dn\u00ed \u0161tafetu a po\u017e\u00e1rn\u00ed \u00fatok.<\/p>\n\n\n\n<p>Jak se n\u00e1m da\u0159ilo, se m\u016f\u017eete pod\u00edvat n\u00ed\u017ee:<\/p>\n\n\n\n<p><strong><u>Nejmlad\u0161\u00ed d\u011bti \u2013 sout\u011b\u017e bez \u0161tafety:<\/u><\/strong><\/p>\n\n\n\n<p><strong>1. m\u00edsto SDH \u010cesk\u00e1 B\u0159\u00edza (\u010das 0:33)<\/strong><\/p>\n\n\n\n<p>2. m\u00edsto SDH \u017dichlice (\u010das 1:13)<strong><br><\/strong><\/p>\n\n\n\n<p><strong><u>Mlad\u0161\u00ed d\u011bti:<\/u><\/strong><\/p>\n\n\n\n<p>1. m\u00edsto SDH \u017dichlice A (\u010das 1:00)<\/p>\n\n\n\n<p><strong>2. m\u00edsto SDH \u010cesk\u00e1 B\u0159\u00edza (\u010das 1:04)<\/strong><\/p>\n\n\n\n<p>3. m\u00edsto SDH \u017dichlice B (\u010das 1:33)<\/p>\n\n\n\n<p>4. m\u00edsto SDH Senec (\u010das 2:03)<\/p>\n\n\n\n<p><strong><u>Star\u0161\u00ed d\u011bti:<\/u><\/strong><\/p>\n\n\n\n<p>1. m\u00edsto SDH \u017dichlice (\u010das 1:03)<\/p>\n\n\n\n<p><strong>2. m\u00edsto SDH \u010cesk\u00e1 B\u0159\u00edza (\u010das 1:07)<\/strong><\/p>\n\n\n\n<p>3. m\u00edsto SDH Senec A (\u010das 1:08)<\/p>\n\n\n\n<p>4. m\u00edsto SDH Zru\u010d (\u010das 1:11)<\/p>\n\n\n\n<p>5. m\u00edsto SDH Senec B (\u010das 1:30)<\/p>\n\n\n\n<figure class=\"wp-block-image size-large\"><img loading=\"lazy\" width=\"580\" height=\"435\" src=\"https:\/\/www.sdhceskabriza.cz\/wp-content\/uploads\/2022\/04\/obrazek-31.png\" alt=\"\" class=\"wp-image-446\" srcset=\"https:\/\/www.sdhceskabriza.cz\/wp-content\/uploads\/2022\/04\/obrazek-31.png 580w, https:\/\/www.sdhceskabriza.cz\/wp-content\/uploads\/2022\/04\/obrazek-31-300x225.png 300w\" sizes=\"(max-width: 580px) 100vw, 580px\" \/><\/figure>\n\n\n\n<figure class=\"wp-block-image size-large\"><img loading=\"lazy\" width=\"350\" height=\"467\" src=\"https:\/\/www.sdhceskabriza.cz\/wp-content\/uploads\/2022\/04\/obrazek-32.png\" alt=\"\" class=\"wp-image-447\" srcset=\"https:\/\/www.sdhceskabriza.cz\/wp-content\/uploads\/2022\/04\/obrazek-32.png 350w, https:\/\/www.sdhceskabriza.cz\/wp-content\/uploads\/2022\/04\/obrazek-32-225x300.png 225w\" sizes=\"(max-width: 350px) 100vw, 350px\" \/><\/figure>\n\n\n\n<figure class=\"wp-block-image size-large\"><img loading=\"lazy\" width=\"580\" height=\"435\" src=\"https:\/\/www.sdhceskabriza.cz\/wp-content\/uploads\/2022\/04\/obrazek-33.png\" alt=\"\" class=\"wp-image-448\" srcset=\"https:\/\/www.sdhceskabriza.cz\/wp-content\/uploads\/2022\/04\/obrazek-33.png 580w, https:\/\/www.sdhceskabriza.cz\/wp-content\/uploads\/2022\/04\/obrazek-33-300x225.png 300w\" sizes=\"(max-width: 580px) 100vw, 580px\" \/><\/figure>\n\n\n\n<hr class=\"wp-block-separator is-style-wide\"\/>\n\n\n\n<p><\/p>\n\n\n\n<p><strong>OKRSKOV\u00c1 SOUT\u011a\u017d V\u00a0HROMNICI<\/strong><\/p>\n\n\n\n<p>Dne 28. srpna 2021 jsme odjeli na okrskov\u00e9 cvi\u010den\u00ed do Hromnice.<\/p>\n\n\n\n<p>I p\u0159es velmi rychl\u00e9 p\u0159\u00edpravy a \u0161ibeni\u010dn\u00ed term\u00edn, jsme postavili celkem 2 dru\u017estva, 1 dru\u017estvo slo\u017een\u00e9 z&nbsp;na\u0161ich nejmen\u0161\u00edch a nejmlad\u0161\u00edch d\u011bt\u00ed a druh\u00e9 dru\u017estvo slo\u017een\u00e9 z&nbsp;mlad\u0161\u00edch a star\u0161\u00edch d\u011bt\u00ed.<\/p>\n\n\n\n<p>Sout\u011b\u017eilo se v&nbsp;po\u017e\u00e1rn\u00edm \u00fatoku.<\/p>\n\n\n\n<p>Nejmlad\u0161\u00ed dru\u017estvo se um\u00edstilo na 1. m\u00edst\u011b.<\/p>\n\n\n\n<p>Dru\u017estvo slo\u017een\u00e9 z&nbsp;mlad\u0161\u00edch a star\u0161\u00edch d\u011bt\u00ed (sout\u011b\u017eilo v&nbsp;kategorii star\u0161\u00edch) se um\u00edstilo na 4.&nbsp;m\u00edst\u011b.<\/p>\n\n\n\n<figure class=\"wp-block-image size-large is-resized\"><img loading=\"lazy\" src=\"https:\/\/www.sdhceskabriza.cz\/wp-content\/uploads\/2022\/04\/obrazek-19.png\" alt=\"\" class=\"wp-image-423\" width=\"607\" height=\"455\" srcset=\"https:\/\/www.sdhceskabriza.cz\/wp-content\/uploads\/2022\/04\/obrazek-19.png 454w, https:\/\/www.sdhceskabriza.cz\/wp-content\/uploads\/2022\/04\/obrazek-19-300x225.png 300w\" sizes=\"(max-width: 607px) 100vw, 607px\" \/><figcaption>dru\u017estvo nejmald\u0161\u00edch d\u011bt\u00ed<\/figcaption><\/figure>\n\n\n\n<figure class=\"wp-block-image size-large is-resized\"><img loading=\"lazy\" src=\"https:\/\/www.sdhceskabriza.cz\/wp-content\/uploads\/2022\/04\/obrazek-20.png\" alt=\"\" class=\"wp-image-424\" width=\"592\" height=\"443\" srcset=\"https:\/\/www.sdhceskabriza.cz\/wp-content\/uploads\/2022\/04\/obrazek-20.png 454w, https:\/\/www.sdhceskabriza.cz\/wp-content\/uploads\/2022\/04\/obrazek-20-300x225.png 300w\" sizes=\"(max-width: 592px) 100vw, 592px\" \/><figcaption>dru\u017estvo mlad\u0161\u00edch a stra\u0161\u00edch d\u011bt\u00ed<\/figcaption><\/figure>\n\n\n\n<p><\/p>\n\n\n\n<hr class=\"wp-block-separator is-style-wide\"\/>\n\n\n\n<p><strong>PO\u017d\u00c1RN\u00cd OCHRANA O\u010cIMA D\u011aT\u00cd A&nbsp;ML\u00c1DE\u017dE 2021<\/strong><\/p>\n\n\n\n<p>Proto\u017ee jin\u00e9 \u010dinnosti bohu\u017eel nem\u016f\u017eeme vykon\u00e1vat z&nbsp;d\u016fvodu epidemie v&nbsp;\u010cesk\u00e9 republice, rozhodli jsme se, \u017ee se aktivn\u011b zapoj\u00edme do celorepublikov\u00e9 v\u00fdtvarn\u00e9 sout\u011b\u017ee Po\u017e\u00e1rn\u00ed ochrana o\u010dima d\u011bt\u00ed a ml\u00e1de\u017ee.<\/p>\n\n\n\n<p><strong>Na okresn\u00ed \u00farovni okresu Plze\u0148-sever se d\u011bti s&nbsp;obr\u00e1zky um\u00edstily n\u00e1sledovn\u011b:<\/strong><\/p>\n\n\n\n<p>Kategorie M\u0160 \u2013 Kuba Kramer 2. m\u00edsto<\/p>\n\n\n\n<p>Kategorie Z\u0160 (1. \u2013 2. t\u0159\u00edda) \u2013 Honz\u00edk Z\u00e1bran 1. m\u00edsto, Tob\u00edk \u0160afa\u0159\u00edk 2. m\u00edsto<\/p>\n\n\n\n<p>Kategorie Z\u0160 (6. \u2013 9. t\u0159\u00edda) \u2013 Adam Z\u00e1bran 1. m\u00edsto<\/p>\n\n\n\n<p>Obr\u00e1zek od Honz\u00edka d\u00e1le postoupil do krajsk\u00e9ho kola, kde ji\u017e prvn\u00ed m\u00edsto bohu\u017eel neobh\u00e1jil, ale obr\u00e1zek od Adama Z\u00e1brana se p\u0159es krajsk\u00e9 kolo probojoval do kola republikov\u00e9ho.<\/p>\n\n\n\n<figure class=\"wp-block-image size-large\"><img loading=\"lazy\" width=\"454\" height=\"340\" src=\"https:\/\/www.sdhceskabriza.cz\/wp-content\/uploads\/2022\/04\/obrazek-21.png\" alt=\"\" class=\"wp-image-425\" srcset=\"https:\/\/www.sdhceskabriza.cz\/wp-content\/uploads\/2022\/04\/obrazek-21.png 454w, https:\/\/www.sdhceskabriza.cz\/wp-content\/uploads\/2022\/04\/obrazek-21-300x225.png 300w\" sizes=\"(max-width: 454px) 100vw, 454px\" \/><figcaption>Kuba Kramer<\/figcaption><\/figure>\n\n\n\n<figure class=\"wp-block-image size-large\"><img loading=\"lazy\" width=\"454\" height=\"340\" src=\"https:\/\/www.sdhceskabriza.cz\/wp-content\/uploads\/2022\/04\/obrazek-22.png\" alt=\"\" class=\"wp-image-426\" srcset=\"https:\/\/www.sdhceskabriza.cz\/wp-content\/uploads\/2022\/04\/obrazek-22.png 454w, https:\/\/www.sdhceskabriza.cz\/wp-content\/uploads\/2022\/04\/obrazek-22-300x225.png 300w\" sizes=\"(max-width: 454px) 100vw, 454px\" \/><figcaption>Vojta Sommer<\/figcaption><\/figure>\n\n\n\n<figure class=\"wp-block-image size-large\"><img loading=\"lazy\" width=\"454\" height=\"340\" src=\"https:\/\/www.sdhceskabriza.cz\/wp-content\/uploads\/2022\/04\/obrazek-23.png\" alt=\"\" class=\"wp-image-427\" srcset=\"https:\/\/www.sdhceskabriza.cz\/wp-content\/uploads\/2022\/04\/obrazek-23.png 454w, https:\/\/www.sdhceskabriza.cz\/wp-content\/uploads\/2022\/04\/obrazek-23-300x225.png 300w\" sizes=\"(max-width: 454px) 100vw, 454px\" \/><figcaption>Tob\u00edk \u0160afa\u0159\u00edk<\/figcaption><\/figure>\n\n\n\n<figure class=\"wp-block-image size-large\"><img loading=\"lazy\" width=\"454\" height=\"329\" src=\"https:\/\/www.sdhceskabriza.cz\/wp-content\/uploads\/2022\/04\/obrazek-24.png\" alt=\"\" class=\"wp-image-428\" srcset=\"https:\/\/www.sdhceskabriza.cz\/wp-content\/uploads\/2022\/04\/obrazek-24.png 454w, https:\/\/www.sdhceskabriza.cz\/wp-content\/uploads\/2022\/04\/obrazek-24-300x217.png 300w\" sizes=\"(max-width: 454px) 100vw, 454px\" \/><figcaption>Honz\u00edk Z\u00e1bran<\/figcaption><\/figure>\n\n\n\n<figure class=\"wp-block-image size-large\"><img loading=\"lazy\" width=\"454\" height=\"255\" src=\"https:\/\/www.sdhceskabriza.cz\/wp-content\/uploads\/2022\/04\/obrazek-25.png\" alt=\"\" class=\"wp-image-429\" srcset=\"https:\/\/www.sdhceskabriza.cz\/wp-content\/uploads\/2022\/04\/obrazek-25.png 454w, https:\/\/www.sdhceskabriza.cz\/wp-content\/uploads\/2022\/04\/obrazek-25-300x169.png 300w\" sizes=\"(max-width: 454px) 100vw, 454px\" \/><figcaption>\u0160imon Duchoslav<\/figcaption><\/figure>\n\n\n\n<figure class=\"wp-block-image size-large\"><img loading=\"lazy\" width=\"454\" height=\"317\" src=\"https:\/\/www.sdhceskabriza.cz\/wp-content\/uploads\/2022\/04\/obrazek-27.png\" alt=\"\" class=\"wp-image-431\" srcset=\"https:\/\/www.sdhceskabriza.cz\/wp-content\/uploads\/2022\/04\/obrazek-27.png 454w, https:\/\/www.sdhceskabriza.cz\/wp-content\/uploads\/2022\/04\/obrazek-27-300x209.png 300w\" sizes=\"(max-width: 454px) 100vw, 454px\" \/><figcaption>Adam Z\u00e1bran<\/figcaption><\/figure>\n\n\n\n<hr class=\"wp-block-separator is-style-wide\"\/>\n\n\n\n<p><strong>OBR\u00c1ZKY PRO V\u00c1NO\u010cN\u00cd ATMOSF\u00c9RU<\/strong><\/p>\n\n\n\n<p>I kdy\u017e je op\u011bt situace v&nbsp;na\u0161\u00ed republice slo\u017eit\u00e1, pustili jsme se s&nbsp;n\u011bkter\u00fdmi d\u011btmi z&nbsp;na\u0161eho kolektivu do kreslen\u00ed v\u00e1no\u010dn\u00edch obr\u00e1zk\u016f, kter\u00e9 jednak pou\u017eijeme na v\u00e1no\u010dn\u00ed p\u0159\u00e1n\u00ed na\u0161eho sboru, ale hlavn\u011b je uve\u0159ejn\u00edme na na\u0161ich internetov\u00fdch str\u00e1nk\u00e1ch.<\/p>\n\n\n\n<p>Pevn\u011b douf\u00e1me, \u017ee p\u0159i jejich prohl\u00ed\u017een\u00ed na\u010derp\u00e1te tu spr\u00e1vnou v\u00e1no\u010dn\u00ed atmosf\u00e9ru, kter\u00e1 V\u00e1s provede nadch\u00e1zej\u00edc\u00edm sv\u00e1te\u010dn\u00edm obdob\u00edm.<\/p>\n\n\n\n<figure class=\"wp-block-image size-large\"><img loading=\"lazy\" width=\"1024\" height=\"768\" src=\"https:\/\/www.sdhceskabriza.cz\/wp-content\/uploads\/2021\/12\/obr_kuba-1024x768.jpg\" alt=\"\" class=\"wp-image-371\" srcset=\"https:\/\/www.sdhceskabriza.cz\/wp-content\/uploads\/2021\/12\/obr_kuba-1024x768.jpg 1024w, https:\/\/www.sdhceskabriza.cz\/wp-content\/uploads\/2021\/12\/obr_kuba-300x225.jpg 300w, https:\/\/www.sdhceskabriza.cz\/wp-content\/uploads\/2021\/12\/obr_kuba-768x576.jpg 768w, https:\/\/www.sdhceskabriza.cz\/wp-content\/uploads\/2021\/12\/obr_kuba.jpg 1039w\" sizes=\"(max-width: 1024px) 100vw, 1024px\" \/><\/figure>\n\n\n\n<p><strong>Kub\u00edk Kramer<\/strong><\/p>\n\n\n\n<figure class=\"wp-block-image size-large\"><img loading=\"lazy\" width=\"1024\" height=\"768\" src=\"https:\/\/www.sdhceskabriza.cz\/wp-content\/uploads\/2021\/12\/obr_vojta-1024x768.jpg\" alt=\"\" class=\"wp-image-370\" srcset=\"https:\/\/www.sdhceskabriza.cz\/wp-content\/uploads\/2021\/12\/obr_vojta-1024x768.jpg 1024w, https:\/\/www.sdhceskabriza.cz\/wp-content\/uploads\/2021\/12\/obr_vojta-300x225.jpg 300w, https:\/\/www.sdhceskabriza.cz\/wp-content\/uploads\/2021\/12\/obr_vojta-768x576.jpg 768w, https:\/\/www.sdhceskabriza.cz\/wp-content\/uploads\/2021\/12\/obr_vojta.jpg 1039w\" sizes=\"(max-width: 1024px) 100vw, 1024px\" \/><\/figure>\n\n\n\n<p><strong>Vojt\u00edk Sommer<\/strong><\/p>\n\n\n\n<figure class=\"wp-block-image size-large\"><img loading=\"lazy\" width=\"768\" height=\"1024\" src=\"https:\/\/www.sdhceskabriza.cz\/wp-content\/uploads\/2021\/12\/obr_tobik-768x1024.jpg\" alt=\"\" class=\"wp-image-369\" srcset=\"https:\/\/www.sdhceskabriza.cz\/wp-content\/uploads\/2021\/12\/obr_tobik-768x1024.jpg 768w, https:\/\/www.sdhceskabriza.cz\/wp-content\/uploads\/2021\/12\/obr_tobik-225x300.jpg 225w, https:\/\/www.sdhceskabriza.cz\/wp-content\/uploads\/2021\/12\/obr_tobik.jpg 866w\" sizes=\"(max-width: 768px) 100vw, 768px\" \/><\/figure>\n\n\n\n<p><strong>Tob\u00edk \u0160afa\u0159\u00edk<\/strong><\/p>\n\n\n\n<figure class=\"wp-block-image size-large\"><img loading=\"lazy\" width=\"840\" height=\"1024\" src=\"https:\/\/www.sdhceskabriza.cz\/wp-content\/uploads\/2021\/12\/obr_honzik-840x1024.jpg\" alt=\"\" class=\"wp-image-368\" srcset=\"https:\/\/www.sdhceskabriza.cz\/wp-content\/uploads\/2021\/12\/obr_honzik-840x1024.jpg 840w, https:\/\/www.sdhceskabriza.cz\/wp-content\/uploads\/2021\/12\/obr_honzik-246x300.jpg 246w, https:\/\/www.sdhceskabriza.cz\/wp-content\/uploads\/2021\/12\/obr_honzik-768x936.jpg 768w, https:\/\/www.sdhceskabriza.cz\/wp-content\/uploads\/2021\/12\/obr_honzik.jpg 866w\" sizes=\"(max-width: 840px) 100vw, 840px\" \/><\/figure>\n\n\n\n<p><strong>Honz\u00edk Z\u00e1bran<\/strong><\/p>\n\n\n\n<figure class=\"wp-block-image size-large\"><img loading=\"lazy\" width=\"340\" height=\"551\" src=\"https:\/\/www.sdhceskabriza.cz\/wp-content\/uploads\/2021\/12\/obr_marketa.jpg\" alt=\"\" class=\"wp-image-367\" srcset=\"https:\/\/www.sdhceskabriza.cz\/wp-content\/uploads\/2021\/12\/obr_marketa.jpg 340w, https:\/\/www.sdhceskabriza.cz\/wp-content\/uploads\/2021\/12\/obr_marketa-185x300.jpg 185w\" sizes=\"(max-width: 340px) 100vw, 340px\" \/><\/figure>\n\n\n\n<p><strong>Mark\u00e9tka Plevkov\u00e1<\/strong><\/p>\n\n\n\n<figure class=\"wp-block-image size-large\"><img loading=\"lazy\" width=\"454\" height=\"326\" src=\"https:\/\/www.sdhceskabriza.cz\/wp-content\/uploads\/2021\/12\/obr_majda.jpg\" alt=\"\" class=\"wp-image-366\" srcset=\"https:\/\/www.sdhceskabriza.cz\/wp-content\/uploads\/2021\/12\/obr_majda.jpg 454w, https:\/\/www.sdhceskabriza.cz\/wp-content\/uploads\/2021\/12\/obr_majda-300x215.jpg 300w\" sizes=\"(max-width: 454px) 100vw, 454px\" \/><\/figure>\n\n\n\n<p><strong>Majda Milerov\u00e1<\/strong><\/p>\n\n\n\n<figure class=\"wp-block-image size-large\"><img loading=\"lazy\" width=\"378\" height=\"418\" src=\"https:\/\/www.sdhceskabriza.cz\/wp-content\/uploads\/2021\/12\/obr_simca.jpg\" alt=\"\" class=\"wp-image-365\" srcset=\"https:\/\/www.sdhceskabriza.cz\/wp-content\/uploads\/2021\/12\/obr_simca.jpg 378w, https:\/\/www.sdhceskabriza.cz\/wp-content\/uploads\/2021\/12\/obr_simca-271x300.jpg 271w\" sizes=\"(max-width: 378px) 100vw, 378px\" \/><\/figure>\n\n\n\n<p><strong>Sim\u010da Klikov\u00e1<\/strong><\/p>\n","protected":false},"excerpt":{"rendered":"<p>SOUT\u011a\u017d K&nbsp;110. V\u00ddRO\u010c\u00cd SDH&nbsp;\u010cESK\u00c1 B\u0158\u00cdZA Dne 18. 9. 2021 uspo\u0159\u00e1dal n\u00e1\u0161 sbor sout\u011b\u017e u p\u0159\u00edle\u017eitosti 110. v\u00fdro\u010d\u00ed zalo\u017een\u00ed. My jsme se na tuto sout\u011b\u017e piln\u011b p\u0159ipravovali, a proto\u017ee to byla pro n\u00e1s nejpresti\u017en\u011bj\u0161\u00ed sout\u011b\u017e v&nbsp;leto\u0161n\u00edm roce, dali jsme si po\u0159\u00e1dn\u011b z\u00e1le\u017eet. Dokonce jsme dali dohromady t\u0159i dru\u017estva, nejmlad\u0161\u00ed, mlad\u0161\u00ed a star\u0161\u00ed. Sout\u011b\u017e byla rozd\u011blena na &hellip; <a href=\"https:\/\/www.sdhceskabriza.cz\/?page_id=206\">Continue reading <span class=\"meta-nav\">&rarr;<\/span><\/a><\/p>\n","protected":false},"author":1,"featured_media":0,"parent":0,"menu_order":0,"comment_status":"closed","ping_status":"closed","template":"","meta":[],"_links":{"self":[{"href":"https:\/\/www.sdhceskabriza.cz\/index.php?rest_route=\/wp\/v2\/pages\/206"}],"collection":[{"href":"https:\/\/www.sdhceskabriza.cz\/index.php?rest_route=\/wp\/v2\/pages"}],"about":[{"href":"https:\/\/www.sdhceskabriza.cz\/index.php?rest_route=\/wp\/v2\/types\/page"}],"author":[{"embeddable":true,"href":"https:\/\/www.sdhceskabriza.cz\/index.php?rest_route=\/wp\/v2\/users\/1"}],"replies":[{"embeddable":true,"href":"https:\/\/www.sdhceskabriza.cz\/index.php?rest_route=%2Fwp%2Fv2%2Fcomments&post=206"}],"version-history":[{"count":5,"href":"https:\/\/www.sdhceskabriza.cz\/index.php?rest_route=\/wp\/v2\/pages\/206\/revisions"}],"predecessor-version":[{"id":449,"href":"https:\/\/www.sdhceskabriza.cz\/index.php?rest_route=\/wp\/v2\/pages\/206\/revisions\/449"}],"wp:attachment":[{"href":"https:\/\/www.sdhceskabriza.cz\/index.php?rest_route=%2Fwp%2Fv2%2Fmedia&parent=206"}],"curies":[{"name":"wp","href":"https:\/\/api.w.org\/{rel}","templated":true}]}}