{"id":22,"date":"2020-09-28T22:39:32","date_gmt":"2020-09-28T20:39:32","guid":{"rendered":"https:\/\/www.sdhceskabriza.cz\/?page_id=22"},"modified":"2020-09-28T22:39:32","modified_gmt":"2020-09-28T20:39:32","slug":"rok-2017","status":"publish","type":"page","link":"https:\/\/www.sdhceskabriza.cz\/?page_id=22","title":{"rendered":"Rok 2017"},"content":{"rendered":"\n<p>Leto\u0161n\u00ed rok jsme zapo\u010dali V\u00fdro\u010dn\u00ed valnou hromadou, kter\u00e1 se konala 28. 1. 2017 za \u00fa\u010dasti v\u0161ech \u010dlen\u016f SDH.<\/p>\n\n\n\n<p>Dal\u0161\u00ed na\u0161\u00ed aktivitou byla 10. 2. beseda o Prvn\u00ed pomoci se z\u00e1chran\u00e1\u0159i. Akce se z\u00fa\u010dastnili v\u0161ichni hasi\u010di a asi 60 obyvatel obce.<\/p>\n\n\n\n<p>V ned\u011bli 26. 2. jsme uspo\u0159\u00e1dali pro d\u011bti Ma\u0161karn\u00ed b\u00e1l. \u00da\u010dast byla obrovsk\u00e1, 90 masek a 100 rodi\u010d\u016f. O hudbu se starala skupina Tandem V.Koko\u0161ky a p\u0159est\u00e1vky vypl\u0148oval kouzeln\u00edk.<\/p>\n\n\n\n<p>Dal\u0161\u00ed akc\u00ed byla 11. 3. Hasi\u010dsk\u00e1 veselice s skupinou Peci\u010dky. \u00da\u010dast byla \u017ealostn\u00e1, pouze 40 hasi\u010d\u016f.<\/p>\n\n\n\n<p>Koncem b\u0159ezna jsme pro\u0159ezali alej ke h\u0159bitovu a uklidili okol\u00ed obce od \u010dern\u00fdch skl\u00e1dek.<\/p>\n\n\n\n<p>V&nbsp;dubnu jsme vybetonovali nov\u00fd vtok do koupali\u0161t\u011b a zabetonovali nov\u00e9 dr\u017e\u00e1ky pro sk\u00e1kac\u00ed prkno. Po\u010d\u00e1tkem kv\u011btna jsme ob\u011b koupali\u0161t\u011b vy\u010distili a p\u0159ipravili na provoz.<\/p>\n\n\n\n<p>V&nbsp;sobotu 27. kv\u011btna se konalo v&nbsp;Hromnici okrskov\u00e9 cvi\u010den\u00ed, kde jsme obsadili 4. m\u00edsto a nov\u00e9 dru\u017estvo d\u011bt\u00ed zv\u00edt\u011bzilo.<\/p>\n\n\n\n<p>V&nbsp;sobotu 10. \u010dervna se konal ji\u017e 15. ro\u010dn\u00edk No\u010dn\u00ed j\u00edzdy o poh\u00e1r starosty obce a okrsku. Sout\u011b\u017ee se z\u00fa\u010dastnilo 10 dru\u017estev mu\u017e\u016f a 6 dru\u017estev \u017een. Oba poh\u00e1ry si odvezli dru\u017estva SDH Plan\u00e1. Na\u0161e dru\u017estvo obsadilo skv\u011bl\u00e9 3.m\u00edsto.<\/p>\n\n\n\n<p>Posledn\u00ed akc\u00ed p\u0159ed pr\u00e1zdninami byl v\u00fdjezd do Hromnice, kde se konala oslava 130 let zalo\u017een\u00ed SDH Hromnice. Mu\u017ei i d\u011bti ve sv\u00fdch kategori\u00edch zv\u00edt\u011bzili!!!<\/p>\n\n\n\n<p>V&nbsp;sobotu 5. srpna jsme se z\u00fa\u010dastnili okresn\u00edho taktick\u00e9ho cvi\u010den\u00ed v&nbsp;obci Studen\u00e1. Jednalo se o d\u00e1lkovou dopravu vody na 3 kilometry s&nbsp;p\u0159ev\u00fd\u0161en\u00edm 150 metr\u016f. Cvi\u010den\u00ed se z\u00fa\u010dastnilo 22 jednotek z&nbsp;okresu Plze\u0148-sever.<\/p>\n\n\n\n<p>Dal\u0161\u00ed \u010dinnost\u00ed hasi\u010d\u016f bylo n\u011bkolik brig\u00e1d v podzimn\u00edch m\u011bs\u00edc\u00edch. Jak p\u0159i \u00fadr\u017eb\u011b techniky, tak p\u0159i \u00faklidu obce.<\/p>\n\n\n\n<p>Dal\u0161\u00ed velkou akc\u00ed bylo 25. listopadu Okresn\u00ed zased\u00e1n\u00ed p\u0159edstavitel\u016f SDH P-S a&nbsp;vyhl\u00e1\u0161en\u00ed okresn\u00edho kola hry \u201ePlamen.\u201c<\/p>\n\n\n\n<p>V sobotu 9. prosince jsme uspo\u0159\u00e1dali setk\u00e1n\u00ed veter\u00e1n\u016f na\u0161eho okrsku.<\/p>\n\n\n\n<p>Na po\u010d\u00e1tku prosince n\u00e1m firma Agrofert darovala sedm kus\u016f z\u00e1sahov\u00fdch p\u0159ileb Kalisch Vulkan v hodnot\u011b&nbsp;&nbsp;&nbsp;&nbsp;40 000,- K\u010d. Velice d\u011bkujeme!!!<\/p>\n\n\n\n<p><\/p>\n","protected":false},"excerpt":{"rendered":"<p>Leto\u0161n\u00ed rok jsme zapo\u010dali V\u00fdro\u010dn\u00ed valnou hromadou, kter\u00e1 se konala 28. 1. 2017 za \u00fa\u010dasti v\u0161ech \u010dlen\u016f SDH. Dal\u0161\u00ed na\u0161\u00ed aktivitou byla 10. 2. beseda o Prvn\u00ed pomoci se z\u00e1chran\u00e1\u0159i. Akce se z\u00fa\u010dastnili v\u0161ichni hasi\u010di a asi 60 obyvatel obce. V ned\u011bli 26. 2. jsme uspo\u0159\u00e1dali pro d\u011bti Ma\u0161karn\u00ed b\u00e1l. \u00da\u010dast byla obrovsk\u00e1, 90 masek &hellip; <a href=\"https:\/\/www.sdhceskabriza.cz\/?page_id=22\">Continue reading <span class=\"meta-nav\">&rarr;<\/span><\/a><\/p>\n","protected":false},"author":1,"featured_media":0,"parent":0,"menu_order":0,"comment_status":"closed","ping_status":"closed","template":"","meta":[],"_links":{"self":[{"href":"https:\/\/www.sdhceskabriza.cz\/index.php?rest_route=\/wp\/v2\/pages\/22"}],"collection":[{"href":"https:\/\/www.sdhceskabriza.cz\/index.php?rest_route=\/wp\/v2\/pages"}],"about":[{"href":"https:\/\/www.sdhceskabriza.cz\/index.php?rest_route=\/wp\/v2\/types\/page"}],"author":[{"embeddable":true,"href":"https:\/\/www.sdhceskabriza.cz\/index.php?rest_route=\/wp\/v2\/users\/1"}],"replies":[{"embeddable":true,"href":"https:\/\/www.sdhceskabriza.cz\/index.php?rest_route=%2Fwp%2Fv2%2Fcomments&post=22"}],"version-history":[{"count":1,"href":"https:\/\/www.sdhceskabriza.cz\/index.php?rest_route=\/wp\/v2\/pages\/22\/revisions"}],"predecessor-version":[{"id":23,"href":"https:\/\/www.sdhceskabriza.cz\/index.php?rest_route=\/wp\/v2\/pages\/22\/revisions\/23"}],"wp:attachment":[{"href":"https:\/\/www.sdhceskabriza.cz\/index.php?rest_route=%2Fwp%2Fv2%2Fmedia&parent=22"}],"curies":[{"name":"wp","href":"https:\/\/api.w.org\/{rel}","templated":true}]}}