{"id":221,"date":"2020-11-06T09:17:03","date_gmt":"2020-11-06T08:17:03","guid":{"rendered":"https:\/\/www.sdhceskabriza.cz\/?page_id=221"},"modified":"2020-11-06T09:17:03","modified_gmt":"2020-11-06T08:17:03","slug":"rok-2012","status":"publish","type":"page","link":"https:\/\/www.sdhceskabriza.cz\/?page_id=221","title":{"rendered":"Rok 2012"},"content":{"rendered":"\n<p>Leto\u0161n\u00ed hasi\u010dsk\u00fd rok jsme zah\u00e1jili po\u010d\u00e1tkem dubna \u0161kolen\u00edm strojn\u00edk\u016f a velitel\u016f jednotek SDH v&nbsp;Kazn\u011bjov\u011b. Na\u0161im \u010dlen\u016fm se poda\u0159ilo \u00fasp\u011b\u0161n\u011b slo\u017eit zkou\u0161ky a jednotka SDH byla pos\u00edlena o velitele p. Karla \u0160kubala a dva strojn\u00edky p. Ji\u0159\u00edho Macka a p. Luk\u00e1\u0161e Maciarze.<\/p>\n\n\n\n<p>Dne 26. kv\u011btna jsme op\u011bt vyrazili do Hromnice na okrskov\u00e9 cvi\u010den\u00ed. Zde sout\u011b\u017en\u00ed dru\u017estvo obsadilo 2. m\u00edsto z&nbsp;celkov\u00fdch 6 sbor\u016f. Poprv\u00e9 se tohoto cvi\u010den\u00ed z\u00fa\u010dastnilo i dru\u017estvo d\u011bt\u00ed, kter\u00e9 obsadilo kr\u00e1sn\u00e9 2. m\u00edsto.<\/p>\n\n\n\n<p>V&nbsp;sobotu 16. \u010dervna jsme se op\u011bt vydali do Hromnice, kde se konaly oslavy 125. v\u00fdro\u010d\u00ed zalo\u017een\u00ed m\u00edstn\u00edho SDH. Oslavy a sout\u011b\u017e se konaly na m\u00edstn\u00edm h\u0159i\u0161ti \u201eV Koln\u00e1ch\u201c a z&nbsp;celkov\u00fdch 9 sbor\u016f jsme se poprv\u00e9 um\u00edstili 1. m\u00edst\u011b.<\/p>\n\n\n\n<p>Posledn\u00ed sout\u011b\u017en\u00ed p\u0159ed pr\u00e1zdninami byla sout\u011b\u017e uspo\u0159\u00e1dan\u00e1 u p\u0159\u00edle\u017eitosti 100. v\u00fdro\u010d\u00ed zalo\u017een\u00ed SDH Zru\u010d. Do sout\u011b\u017ee se zapojilo celkem 11 dru\u017estev a my jsme obsadili 3. m\u00edsto.<\/p>\n\n\n\n<p>B\u011bhem pr\u00e1zdnin jsme v&nbsp;na\u0161\u00ed obci kontrolovali hydrantovou s\u00ed\u0165 a za pomoci vod\u00e1rny jsme v\u0161echny hydranty opravili, aby byly p\u0159ipraven\u00e9 pro p\u0159\u00edpadn\u00fd po\u017e\u00e1rn\u00ed z\u00e1sah.<\/p>\n\n\n\n<p>13. \u0159\u00edjna jsme odjeli na taktick\u00e9 cvi\u010den\u00ed do Nynic. N\u00e1m\u011btem cvi\u010den\u00ed byla d\u00e1lkov\u00e1 doprava vody na vzd\u00e1lenost cca 1500 m. Cvi\u010den\u00ed se z\u00fa\u010dastnilo 5 sbor\u016f a v\u0161e prob\u011bhlo dle stanoven\u00e9ho pl\u00e1nu.<\/p>\n\n\n\n<p>V&nbsp;prosinci jsme ve spolupr\u00e1ci s&nbsp;m\u00edstn\u00edm klubem hokejbalist\u016f uspo\u0159\u00e1dali kulturn\u00ed akci \u201eSobota pln\u00e1 divadla\u201c.<\/p>\n","protected":false},"excerpt":{"rendered":"<p>Leto\u0161n\u00ed hasi\u010dsk\u00fd rok jsme zah\u00e1jili po\u010d\u00e1tkem dubna \u0161kolen\u00edm strojn\u00edk\u016f a velitel\u016f jednotek SDH v&nbsp;Kazn\u011bjov\u011b. Na\u0161im \u010dlen\u016fm se poda\u0159ilo \u00fasp\u011b\u0161n\u011b slo\u017eit zkou\u0161ky a jednotka SDH byla pos\u00edlena o velitele p. Karla \u0160kubala a dva strojn\u00edky p. Ji\u0159\u00edho Macka a p. Luk\u00e1\u0161e Maciarze. Dne 26. kv\u011btna jsme op\u011bt vyrazili do Hromnice na okrskov\u00e9 cvi\u010den\u00ed. Zde sout\u011b\u017en\u00ed dru\u017estvo &hellip; <a href=\"https:\/\/www.sdhceskabriza.cz\/?page_id=221\">Continue reading <span class=\"meta-nav\">&rarr;<\/span><\/a><\/p>\n","protected":false},"author":1,"featured_media":0,"parent":0,"menu_order":0,"comment_status":"closed","ping_status":"closed","template":"","meta":[],"_links":{"self":[{"href":"https:\/\/www.sdhceskabriza.cz\/index.php?rest_route=\/wp\/v2\/pages\/221"}],"collection":[{"href":"https:\/\/www.sdhceskabriza.cz\/index.php?rest_route=\/wp\/v2\/pages"}],"about":[{"href":"https:\/\/www.sdhceskabriza.cz\/index.php?rest_route=\/wp\/v2\/types\/page"}],"author":[{"embeddable":true,"href":"https:\/\/www.sdhceskabriza.cz\/index.php?rest_route=\/wp\/v2\/users\/1"}],"replies":[{"embeddable":true,"href":"https:\/\/www.sdhceskabriza.cz\/index.php?rest_route=%2Fwp%2Fv2%2Fcomments&post=221"}],"version-history":[{"count":1,"href":"https:\/\/www.sdhceskabriza.cz\/index.php?rest_route=\/wp\/v2\/pages\/221\/revisions"}],"predecessor-version":[{"id":222,"href":"https:\/\/www.sdhceskabriza.cz\/index.php?rest_route=\/wp\/v2\/pages\/221\/revisions\/222"}],"wp:attachment":[{"href":"https:\/\/www.sdhceskabriza.cz\/index.php?rest_route=%2Fwp%2Fv2%2Fmedia&parent=221"}],"curies":[{"name":"wp","href":"https:\/\/api.w.org\/{rel}","templated":true}]}}