{"id":223,"date":"2020-11-06T09:17:24","date_gmt":"2020-11-06T08:17:24","guid":{"rendered":"https:\/\/www.sdhceskabriza.cz\/?page_id=223"},"modified":"2020-11-06T09:17:24","modified_gmt":"2020-11-06T08:17:24","slug":"rok-2013","status":"publish","type":"page","link":"https:\/\/www.sdhceskabriza.cz\/?page_id=223","title":{"rendered":"Rok 2013"},"content":{"rendered":"\n<p>Dne 2. ledna prob\u011bhl z\u00e1pis na\u0161\u00ed jednotky do poplachov\u00e9ho pl\u00e1nu HZS Plze\u0148sk\u00e9ho kraje. Od t\u00e9to chv\u00edle m\u016f\u017ee b\u00fdt dle pot\u0159eby na\u0161e jednotka vys\u00edl\u00e1na v&nbsp;r\u00e1mci tohoto pl\u00e1nu k&nbsp;mimo\u0159\u00e1dn\u00fdm ud\u00e1lostem.<\/p>\n\n\n\n<p>V&nbsp;sobotu 26. ledna se konala v\u00fdro\u010dn\u00ed valn\u00e1 hromada SDH v&nbsp;s\u00e1le m\u00edstn\u00edho kulturn\u00edho domu za \u00fa\u010dasti v\u0161ech \u010dlen\u016f SDH a 30 host\u016f z&nbsp;\u0159ad obyvatel obce a \u010dlen\u016f SDH okoln\u00edch obc\u00ed.<\/p>\n\n\n\n<p>V&nbsp;m\u011bs\u00edci \u00fanoru se \u010dlenov\u00e9 jednotky \u00fa\u010dastnili tematick\u00fdch \u0161kolen\u00ed pro zv\u00fd\u0161en\u00ed odborn\u00e9 zp\u016fsobilosti \u010dlen\u016f jednotek SDH. V\u0161ichni \u010dlenov\u00e9 se do tohoto \u0161kolen\u00ed aktivn\u011b zapojili a z\u00edskali zde pot\u0159ebn\u00e9 znalosti a dovednosti pro p\u0159\u00edpadn\u00fd po\u017e\u00e1rn\u00ed z\u00e1sah.<\/p>\n\n\n\n<p>V&nbsp;sobotu 23. \u00fanora se konal tradi\u010dn\u00ed hasi\u010dsk\u00fd ples v&nbsp;kulturn\u00edm dom\u011b \u010cesk\u00e1 B\u0159\u00edza. Tento ples m\u011bl velk\u00fd \u00fasp\u011bch s&nbsp;hojnou \u00fa\u010dast\u00ed obyvatel obce.<\/p>\n\n\n\n<p>&nbsp;B\u011bhem jarn\u00edch m\u011bs\u00edc\u016f \u010dlenov\u00e9 sboru opravili vnit\u0159n\u00ed prostory po\u017e\u00e1rn\u00ed zbrojnice.<\/p>\n\n\n\n<p>10. \u010dervna byl jednotce vyhl\u00e1\u0161en prvn\u00ed po\u017e\u00e1rn\u00ed poplach. Jednalo se o technickou pomoc p\u0159i lok\u00e1ln\u00ed z\u00e1plav\u011b v&nbsp;obci Chotin\u00e1. Jednotka provedla od\u010derp\u00e1n\u00ed vody ze zatopen\u00e9ho sklepa a vy\u010di\u0161t\u011bn\u00ed kanalizace od naplavenin.<\/p>\n\n\n\n<p>15. \u010dervna jsme se z\u00fa\u010dastnili cvi\u010den\u00ed jednotek SDH \u201eNo\u010dn\u00ed j\u00edzda\u201c. Z&nbsp;celkov\u00e9 \u00fa\u010dasti 14 dru\u017estev jsme se um\u00edstili na 5. m\u00edst\u011b.<\/p>\n\n\n\n<p>V&nbsp;sobotu 23. listopadu se konala dal\u0161\u00ed brig\u00e1da na zveleben\u00ed po\u017e\u00e1rn\u00ed zbrojnice. Za \u00fa\u010dastni skoro v\u0161ech \u010dlen\u016f SDH jsme vym\u011bnili \u010dty\u0159i star\u00e1 okna za plastov\u00e1, kolem zbrojnice jsme poklidili spadan\u00e9 list\u00ed a p\u0159est\u011bhovali jsme betonov\u00e9 lavi\u010dky k&nbsp;m\u00edstn\u00edmu hostinci.<\/p>\n\n\n\n<p>24. listopadu jsme se vypravili v&nbsp;po\u010dtu 26 \u010dlen\u016f na exkurzi na centr\u00e1ln\u00ed po\u017e\u00e1rn\u00ed stanici HZS Plze\u0148sk\u00e9ho kraje v&nbsp;Plzni na Ko\u0161utce. Po p\u0159iv\u00edt\u00e1n\u00ed a prvotn\u00edm pou\u010den\u00ed o bezpe\u010dnosti, jsme si pro\u0161li cvi\u010dn\u00fd polygon pro n\u00e1cvik pohybu v&nbsp;nezn\u00e1m\u00e9m a zakou\u0159en\u00e9m prostoru a n\u00e1sledn\u011b prohl\u00e9dli t\u011blocvi\u010dnu, posilovnu, pracovi\u0161t\u011b opera\u010dn\u00edho a informa\u010dn\u00edho st\u0159ediska a dal\u0161\u00ed m\u00edstnosti pro pot\u0159eby hasi\u010d\u016f. Nakonec jsme do\u0161li do gar\u00e1\u017e\u00ed, kde jsme se nesta\u010dili divit nad po\u017e\u00e1rn\u00ed technikou, kter\u00e1 zde byla zaparkov\u00e1na. Na rozlou\u010denou n\u00e1m profesion\u00e1ln\u00ed hasi\u010di p\u0159ipravili uk\u00e1zku cvi\u010dn\u00e9ho poplachu.<\/p>\n\n\n\n<p>Za\u010d\u00e1tkem listopadu nalezli dva hleda\u010di poklad\u016f v&nbsp;lese u obce T\u0159emo\u0161n\u00e1 dv\u011b pam\u00e1te\u010dn\u00ed medaile SDH N\u011bmeck\u00e1 B\u0159\u00edza, kter\u00e9 poch\u00e1zej\u00ed z&nbsp;roku 1913. Od n\u00e1lezc\u016f jsme obdr\u017eeli fotografie. Fyzicky budou medaile k&nbsp;vid\u011bn\u00ed na v\u00fdro\u010dn\u00ed valn\u00e9 hromad\u011b SDH v&nbsp;lednu 2014.<\/p>\n","protected":false},"excerpt":{"rendered":"<p>Dne 2. ledna prob\u011bhl z\u00e1pis na\u0161\u00ed jednotky do poplachov\u00e9ho pl\u00e1nu HZS Plze\u0148sk\u00e9ho kraje. Od t\u00e9to chv\u00edle m\u016f\u017ee b\u00fdt dle pot\u0159eby na\u0161e jednotka vys\u00edl\u00e1na v&nbsp;r\u00e1mci tohoto pl\u00e1nu k&nbsp;mimo\u0159\u00e1dn\u00fdm ud\u00e1lostem. V&nbsp;sobotu 26. ledna se konala v\u00fdro\u010dn\u00ed valn\u00e1 hromada SDH v&nbsp;s\u00e1le m\u00edstn\u00edho kulturn\u00edho domu za \u00fa\u010dasti v\u0161ech \u010dlen\u016f SDH a 30 host\u016f z&nbsp;\u0159ad obyvatel obce a \u010dlen\u016f SDH &hellip; <a href=\"https:\/\/www.sdhceskabriza.cz\/?page_id=223\">Continue reading <span class=\"meta-nav\">&rarr;<\/span><\/a><\/p>\n","protected":false},"author":1,"featured_media":0,"parent":0,"menu_order":0,"comment_status":"closed","ping_status":"closed","template":"","meta":[],"_links":{"self":[{"href":"https:\/\/www.sdhceskabriza.cz\/index.php?rest_route=\/wp\/v2\/pages\/223"}],"collection":[{"href":"https:\/\/www.sdhceskabriza.cz\/index.php?rest_route=\/wp\/v2\/pages"}],"about":[{"href":"https:\/\/www.sdhceskabriza.cz\/index.php?rest_route=\/wp\/v2\/types\/page"}],"author":[{"embeddable":true,"href":"https:\/\/www.sdhceskabriza.cz\/index.php?rest_route=\/wp\/v2\/users\/1"}],"replies":[{"embeddable":true,"href":"https:\/\/www.sdhceskabriza.cz\/index.php?rest_route=%2Fwp%2Fv2%2Fcomments&post=223"}],"version-history":[{"count":1,"href":"https:\/\/www.sdhceskabriza.cz\/index.php?rest_route=\/wp\/v2\/pages\/223\/revisions"}],"predecessor-version":[{"id":224,"href":"https:\/\/www.sdhceskabriza.cz\/index.php?rest_route=\/wp\/v2\/pages\/223\/revisions\/224"}],"wp:attachment":[{"href":"https:\/\/www.sdhceskabriza.cz\/index.php?rest_route=%2Fwp%2Fv2%2Fmedia&parent=223"}],"curies":[{"name":"wp","href":"https:\/\/api.w.org\/{rel}","templated":true}]}}