{"id":25,"date":"2020-09-28T22:42:42","date_gmt":"2020-09-28T20:42:42","guid":{"rendered":"https:\/\/www.sdhceskabriza.cz\/?page_id=25"},"modified":"2020-09-28T22:42:42","modified_gmt":"2020-09-28T20:42:42","slug":"historie-a-soucasnost","status":"publish","type":"page","link":"https:\/\/www.sdhceskabriza.cz\/?page_id=25","title":{"rendered":"Historie a sou\u010dasnost"},"content":{"rendered":"\n<p>ZALO\u017dEN\u00cd SBORU HASI\u010cSK\u00c9HO V&nbsp;ROCE 1911<\/p>\n\n\n\n<p>V&nbsp;obci zdej\u0161\u00ed \u010d\u00edtaj\u00edc\u00ed 95 popisn\u00fdch \u010d\u00edsel, d\u00e1vno ji\u017e byla poci\u0165ov\u00e1na pot\u0159eba sboru hasi\u010dsk\u00e9ho, je\u017eto v&nbsp;p\u0159\u00edpad\u011b ohn\u011b nebylo zde organizovan\u00e9 pomoci, hasic\u00edch prost\u0159edk\u016f po ruce a obec zdej\u0161\u00ed byla odk\u00e1z\u00e1na na pomoc obc\u00edch vedlej\u0161\u00edch, je\u017e d\u0159\u00edve \u0159\u00e1dn\u00e9 hasi\u010dsk\u00e9 sbory si z\u0159\u00eddily. Po domluv\u011b a p\u0159\u00e1n\u00ed ob\u010dan\u016f zdej\u0161\u00edch, svolal starosta obce pan Josef Vale\u0161 ve\u0159ejnou sch\u016fzi ob\u010danstva na ned\u011bli 9. \u010dervence 1911, ve dv\u011b hodiny odpoledn\u00ed do hostince V\u00e1clava Roubala, zde za \u00fa\u010delem z\u0159\u00edzen\u00ed hasi\u010dsk\u00e9ho sboru. Po proslovu starosty za\u010dalo p\u0159ihla\u0161ov\u00e1n\u00ed se \u010dlen\u016f, za \u010dinn\u00e9 p\u0159ihl\u00e1silo se 39 a za p\u0159isp\u00edvaj\u00edc\u00ed 19 \u010dlen\u016f. Prvn\u00ed stanovy sboru byly uzn\u00e1ny v\u00fdnosem c.k. m\u00edstodr\u017eitelstv\u00ed kr\u00e1l. \u010cesk\u00e9ho ze dne 29.8.1911. Sbor dobrovoln\u00fdch hasi\u010d\u016f v&nbsp;N\u011bmeck\u00e9 B\u0159\u00edze po\u010dal svoji \u010dinnost dne 19.11.1911. Starostou jest p\u0159\u00edtel Vale\u0161 Josef,&nbsp; Velitelem p\u0159\u00edtel Chud\u00e1\u010dek Vojt\u011bch,&nbsp; N\u00e1m\u011bstkem velitelov\u00fdm p\u0159\u00edtel Vale\u0161 Franti\u0161ek,&nbsp; Jednatelem p\u0159\u00edtel Kajer Ferdinand,&nbsp; Pokladn\u00edkem p\u0159\u00edtel \u0160imandl Franti\u0161ek,&nbsp; Dozorcem n\u00e1\u010din\u00ed p\u0159\u00edtel Urban Franti\u0161ek a \u0160najdr V\u00e1clav.<\/p>\n\n\n\n<p>V&nbsp;\u00fater\u00fd 2. ledna 1912 vypukl po\u017e\u00e1r obytn\u00e9ho staven\u00ed ve Zru\u010di, kde se ha\u0161en\u00ed \u00fa\u010dastnil i n\u00e1\u0161 sbor s&nbsp;12 mu\u017ei a st\u0159\u00edka\u010dkou. Dal\u0161\u00edm v\u00fdjezdem sboru byl po\u017e\u00e1r 24.10.1913 op\u011bt ve Zru\u010di v&nbsp;hostinci pana \u0160kardy. V&nbsp;roce 1914 uspo\u0159\u00e1dal n\u00e1\u0161 sbor I.ples v&nbsp;m\u00edstnosti hostince V\u00e1clava Roubala. Do roku 1922 se nem\u011bn\u00ed po\u010dty \u010dlen\u016f sboru. 6.ledna roku 1923 kon\u00e1 se valn\u00e1 hromada za \u00fa\u010dasti 42 \u010dlen\u016f. Starostou p\u0159\u00edtelem zvolen jest pan Vale\u0161 Josef a velitelem Roubal Fr., do v\u00fdboru byli zvoleni p\u0159\u00edtel \u0160imandl, Chud\u00e1\u010dek, Vale\u0161, Krofta, Honomichl, N\u00e1gr. P\u00ed\u0161e se rok 1934, kter\u00fd byl posti\u017een velk\u00fdm suchem a \u010detn\u00fdmi po\u017e\u00e1ry, kde zasahoval n\u00e1\u0161 sbor. Rok 1936 po\u010d\u00edn\u00e1 p\u0159\u00edpravami k&nbsp;oslav\u011b 25. let\u00e9ho jubilea trv\u00e1n\u00ed m\u00edstn\u00edho sboru,kter\u00e1 je stanovena na den 31.5. Od 10hodin kon\u00e1 se valn\u00e1 hromada, v&nbsp;11hodin cvi\u010den\u00ed prostn\u00e9 a se \u017eeb\u0159\u00edky a od 13hodin poplach sbor\u016f N\u011bmeck\u00e1 B\u0159\u00edza, \u017didlice a Hromnice, spojen\u00fd zn\u00e1zorn\u011bn\u00edm leteck\u00e9ho \u00fatoku. Po proveden\u00ed uk\u00e1zky sbor N\u011bmeck\u00e9 B\u0159\u00edzy z\u00edskal prvn\u00ed cenu. V&nbsp;roce 1937 nebylo pot\u0159eba z\u00e1kroku sboru p\u0159i ohni. P\u00ed\u0161e se datum 1.z\u00e1\u0159\u00ed roku 1939 a nastala v\u00e1lka, kter\u00e1 trv\u00e1 a\u017e do 8.5.1945. Za tuto dobu zem\u0159elo spoustu \u010dlen\u016f na\u0161eho sboru . V&nbsp;obci&nbsp; m\u00edsto starosty je nyn\u00ed p\u0159edseda n\u00e1rodn\u00edho v\u00fdboru p. \u0160imandl J. Valn\u00e1 hromada konan\u00e1 v&nbsp;lednu roku 1946 prov\u00e1d\u00ed zm\u011bny \u010dinovn\u00edk\u016f sboru. Velitelem je Hejret Jaroslav, Jednatelem \u0160imandl Bohumil, Vzd\u011bl\u00e1vatelem \u010cech V\u00e1clav. Obec zakoupila v\u00fdstroj, 11 pracovn\u00edch oblek\u016f a prvn\u00ed motorovou st\u0159\u00edka\u010dku PS-8 s&nbsp;podvozkem a hadice. V&nbsp;tomto roce nebyl sbor povol\u00e1n k&nbsp;\u017e\u00e1dn\u00e9mu po\u017e\u00e1ru.<\/p>\n\n\n\n<p>&nbsp; V&nbsp;roce 1948 je \u010dinnost sboru slab\u00e1 ba podpr\u016fm\u011brn\u00e1 a proto nebyl p\u0159ikoupen \u017e\u00e1dn\u00fd invent\u00e1\u0159. Na valn\u00e9 hromad\u011b koncem roku 1949 se st\u00e1v\u00e1 velitelem Harant V\u00e1clav, kter\u00fd velmi dob\u0159e a v\u00fdsti\u017en\u011b vede sbor ve v\u00fdcviku i praxi. Sbor m\u00e1 128 \u010dlen\u016f, z&nbsp;toho 28 \u010dinn\u00fdch a je nejlep\u0161\u00edm na okrsku. V&nbsp;za\u010d\u00e1tku jarn\u00edch m\u011bs\u00edc\u016f 1954 se na ustavuj\u00edc\u00ed sch\u016fzi p\u0159ihl\u00e1silo dru\u017estvo dorostu ve slo\u017een\u00ed:Bro\u017e Zden\u011bk, Pt\u00e1k Zden\u011bk, Vale\u0161 Ji\u0159\u00ed, Vopat Rudolf, R\u016f\u017eek V\u00e1clav, \u0160kubal Karel, \u0160kubal Stanislav, Nov\u00e1k Josef, Korelus Ladislav. Druh\u00e9ho \u010dervence 1957 s.Bro\u017e\u00edk vyjedn\u00e1v\u00e1 na po\u017e\u00e1rn\u00ed inspekci dod\u00e1n\u00ed vozu pro m\u00edstn\u00ed sbor, s&nbsp;dobr\u00fdm pr\u016fb\u011bhem. Sbor \u010d\u00edt\u00e1 146 \u010dlen\u016f. 27.listopadu 1957 bylo n\u00e1m p\u0159id\u011bleno star\u0161\u00ed n\u00e1kladn\u00ed vozidlo Chevrolet, kter\u00fd si vy\u017e\u00e1dal velk\u00e9 opravy, proto\u017ee byl nepoj\u00edzdn\u00fd. Ji\u017e n\u011bkolik let nebyl v&nbsp;na\u0161\u00ed obci i okol\u00ed \u017e\u00e1dn\u00fd po\u017e\u00e1r. Leto\u0161n\u00edho roku 21.9.1960 n\u00e1m byl p\u0159id\u011blen nov\u00fd v\u016fz Tatra 805. Do auta byli nakoupeny nov\u00e9 v\u011bci a n\u00e1\u0159ad\u00ed.<\/p>\n\n\n\n<p>V&nbsp;roce 1961 se konaj\u00ed oslavy 50.let\u00e9ho zalo\u017een\u00ed sboru. Oslavy se konaj\u00ed na n\u00e1vsi za \u00fa\u010dasti sbor\u016f v\u0161ech okoln\u00edch vesnic. Na ja\u0159e roku 1970 byla zapo\u010data stavba nov\u00e9 hasi\u010dsk\u00e9 zbrojnice za 160 000,- K\u010ds, kter\u00e1 byla p\u0159ed\u00e1na do u\u017e\u00edv\u00e1n\u00ed 4. prosince 1970. Je\u0161t\u011b v&nbsp;tomto roce byly zakoupeny nov\u00e9 zimn\u00ed obleky za 8 000,- K\u010ds a nov\u00e1 motorov\u00e1 st\u0159\u00edka\u010dka PS-12 za 29 000,- K\u010ds, kterou m\u00e1me dodnes v&nbsp;perfektn\u00edm stavu. Dne 25.6.1971 na slavnostn\u00ed sch\u016fzi k&nbsp;60.let\u00e9mu v\u00fdro\u010d\u00ed sboru p\u0159eb\u00edraj\u00ed funkce ve v\u00fdboru Z.Pt\u00e1k, L.Krofta, Z.Slach, Z.Bro\u017e, J.Miler, J.Vale\u0161, M.Tyl, M.Kub\u00ed\u010dek, S.\u0160kubal, K.\u0160kubal. Tento sbor vystav\u011bl v&nbsp;roce 1972 su\u0161\u00e1k na hadice, kter\u00fd slou\u017e\u00ed dodnes. Sbor pokra\u010duje ve sv\u00e9 dlouhodob\u00e9 pr\u00e1ci, kdy z\u00edskal mnoho ocen\u011bn\u00ed jak z&nbsp;kraje, tak okresu a\u017e do roku 1985, kdy z\u00e1jem ob\u010dan\u016f o po\u017e\u00e1rn\u00ed sbor kles\u00e1 natolik, \u017ee z\u016fst\u00e1v\u00e1 jen v\u00fdbor. Je\u0161t\u011b n\u011bkolik let v\u00fdbor vyj\u00ed\u017ed\u00ed na okrskov\u00e1 cvi\u010den\u00ed s&nbsp;d\u011btmi a ob\u010das se poda\u0159\u00ed slo\u017eit dru\u017estvo mu\u017e\u016f.<\/p>\n\n\n\n<p>Do roku 2000 pomalu z\u00e1jem o sbor \u00fapln\u011b upadl a tak z\u016fstal jen v\u00fdbor, kter\u00fd z\u016fst\u00e1v\u00e1 jen jako po\u017e\u00e1rn\u00ed hl\u00eddka a d\u00e1v\u00e1 si z\u00e1vazek, \u017ee to vydr\u017e\u00ed a\u017e do oslav 100.v\u00fdro\u010d\u00ed zalo\u017een\u00ed sboru. Zprvu jich bylo deset a situace kolem SDH byla na zhroucen\u00ed. P\u0159esto to na\u0161i veter\u00e1ni vydr\u017eeli a\u017e do roku 2011 i kdy\u017e u\u017e jich zbylo jen osm. Po cel\u00fdch deset let udr\u017eovali zbylou techniku a ka\u017edou prvn\u00ed st\u0159edu v&nbsp;m\u011bs\u00edci se sch\u00e1zej\u00ed v&nbsp;hostinci a \u0159e\u0161\u00ed probl\u00e9my kolem sboru. Dnes t\u011bmto osmi state\u010dn\u00fdm veter\u00e1n\u016fm velice d\u011bkujeme, \u017ee se sbor v&nbsp;na\u0161\u00ed obci nezhroutil a mohli jsme v&nbsp;roce 2011 oslavit 100. v\u00fdro\u010d\u00ed zalo\u017een\u00ed sboru. Ale to u\u017e se p\u00ed\u0161e jin\u00e1 kapitola SDH obce \u010cesk\u00e1 B\u0159\u00edza.<\/p>\n\n\n\n<p>Je\u0161t\u011b jednou velk\u00fd d\u00edk osmi state\u010dn\u00fdm veter\u00e1n\u016fm!<\/p>\n","protected":false},"excerpt":{"rendered":"<p>ZALO\u017dEN\u00cd SBORU HASI\u010cSK\u00c9HO V&nbsp;ROCE 1911 V&nbsp;obci zdej\u0161\u00ed \u010d\u00edtaj\u00edc\u00ed 95 popisn\u00fdch \u010d\u00edsel, d\u00e1vno ji\u017e byla poci\u0165ov\u00e1na pot\u0159eba sboru hasi\u010dsk\u00e9ho, je\u017eto v&nbsp;p\u0159\u00edpad\u011b ohn\u011b nebylo zde organizovan\u00e9 pomoci, hasic\u00edch prost\u0159edk\u016f po ruce a obec zdej\u0161\u00ed byla odk\u00e1z\u00e1na na pomoc obc\u00edch vedlej\u0161\u00edch, je\u017e d\u0159\u00edve \u0159\u00e1dn\u00e9 hasi\u010dsk\u00e9 sbory si z\u0159\u00eddily. Po domluv\u011b a p\u0159\u00e1n\u00ed ob\u010dan\u016f zdej\u0161\u00edch, svolal starosta obce pan &hellip; <a href=\"https:\/\/www.sdhceskabriza.cz\/?page_id=25\">Continue reading <span class=\"meta-nav\">&rarr;<\/span><\/a><\/p>\n","protected":false},"author":1,"featured_media":0,"parent":0,"menu_order":0,"comment_status":"closed","ping_status":"closed","template":"","meta":[],"_links":{"self":[{"href":"https:\/\/www.sdhceskabriza.cz\/index.php?rest_route=\/wp\/v2\/pages\/25"}],"collection":[{"href":"https:\/\/www.sdhceskabriza.cz\/index.php?rest_route=\/wp\/v2\/pages"}],"about":[{"href":"https:\/\/www.sdhceskabriza.cz\/index.php?rest_route=\/wp\/v2\/types\/page"}],"author":[{"embeddable":true,"href":"https:\/\/www.sdhceskabriza.cz\/index.php?rest_route=\/wp\/v2\/users\/1"}],"replies":[{"embeddable":true,"href":"https:\/\/www.sdhceskabriza.cz\/index.php?rest_route=%2Fwp%2Fv2%2Fcomments&post=25"}],"version-history":[{"count":1,"href":"https:\/\/www.sdhceskabriza.cz\/index.php?rest_route=\/wp\/v2\/pages\/25\/revisions"}],"predecessor-version":[{"id":26,"href":"https:\/\/www.sdhceskabriza.cz\/index.php?rest_route=\/wp\/v2\/pages\/25\/revisions\/26"}],"wp:attachment":[{"href":"https:\/\/www.sdhceskabriza.cz\/index.php?rest_route=%2Fwp%2Fv2%2Fmedia&parent=25"}],"curies":[{"name":"wp","href":"https:\/\/api.w.org\/{rel}","templated":true}]}}