{"id":256,"date":"2021-02-27T08:31:12","date_gmt":"2021-02-27T07:31:12","guid":{"rendered":"https:\/\/www.sdhceskabriza.cz\/?page_id=256"},"modified":"2021-02-27T08:31:12","modified_gmt":"2021-02-27T07:31:12","slug":"rok-2018","status":"publish","type":"page","link":"https:\/\/www.sdhceskabriza.cz\/?page_id=256","title":{"rendered":"Rok 2018"},"content":{"rendered":"\n<p>S&nbsp;p\u0159\u00edchodem nov\u00e9ho roku jsme op\u011bt na\u0161i \u010dinnost zah\u00e1jili dne 20. ledna 2018 v\u00fdro\u010dn\u00ed valnou hromadou, kter\u00e9 se z\u00fa\u010dastnili v\u0161ichni \u010dlenov\u00e9 na\u0161eho sboru a d\u00e1le host\u00e9 v\u0161ech na\u0161ich sp\u0159\u00e1telen\u00fdch sbor\u016f.<\/p>\n\n\n\n<p>V&nbsp;sobotu 20. ledna byl v&nbsp;11:30 hod. na\u0161\u00ed jednotce vyhl\u00e1\u0161en po\u017e\u00e1rn\u00ed poplach na po\u017e\u00e1r rodinn\u00e9ho domu v&nbsp;obci. Vyjeli jsme 8 minut po vyhl\u00e1\u0161en\u00ed poplachu a na m\u00edsto ud\u00e1losti jsme p\u0159ijeli spole\u010dn\u011b s&nbsp;jednotkou HZS a jednotkou SDH Zru\u010d. Prvotn\u00edm pr\u016fzkumem bylo zji\u0161t\u011bno, \u017ee se nejedn\u00e1 o po\u017e\u00e1r rodinn\u00e9ho domu, ale o \u00fanik kou\u0159e z&nbsp;po\u0161kozen\u00e9ho kom\u00edna do prostoru mezi stropem a podlahou v&nbsp;1. pat\u0159e domu. Na\u0161e jednotka provedla vyskladn\u011bn\u00ed kotle a kotelny a d\u00e1le se na pokyn velitele z\u00e1sahu vr\u00e1tila zp\u011bt na z\u00e1kladnu.<\/p>\n\n\n\n<p>D\u00e1le 20. ledna zah\u00e1jili dva \u010dlenov\u00e9 na\u0161\u00ed jednotky kurz obsluhy motorov\u00fdch pil, kter\u00fd trv\u00e1 64 hodin. Po t\u0159ech v\u00edkendech, kter\u00e9 kluk\u016fm skoro cel\u00e9 propr\u0161ely, \u00fasp\u011b\u0161n\u011b slo\u017eili z\u00e1v\u011bre\u010dn\u00e9 zkou\u0161ky a z\u00edskali pr\u016fkazy \u201epila\u0159\u016f\u201c. Od t\u00e9to chv\u00edle m\u00e1 na\u0161e jednotka vy\u0161kolen\u00e9 \u010dleny a budeme moci b\u00fdt vys\u00edl\u00e1ni na odkl\u00edzen\u00ed p\u0159\u00edpadn\u00fdch popadan\u00fdch strom\u016f nebo odstran\u011bn\u00ed strom, kter\u00e9 ohro\u017euj\u00ed osoby a majetek.<\/p>\n\n\n\n<p>4. b\u0159ezna jsme uspo\u0159\u00e1dali pro d\u011bti z&nbsp;na\u0161\u00ed obce ma\u0161karn\u00ed b\u00e1l. B\u00e1l celkem nav\u0161t\u00edvilo 62 d\u011bt\u00ed v&nbsp;mask\u00e1ch a za poslechu muziky skupiny Tandem V. Koko\u0161ky si d\u011bti tento b\u00e1l u\u017eily. D\u011bti, kter\u00e9 se v&nbsp;sout\u011b\u017ei masek um\u00edstily na prvn\u00edch t\u0159ech m\u00edstech, dostaly lahodn\u00e9 dorty.<\/p>\n\n\n\n<p>9. b\u0159ezna jsme uspo\u0159\u00e1dali v&nbsp;na\u0161em kulturn\u00edm dob\u011b besedu se zdravotnick\u00fdm z\u00e1chran\u00e1\u0159em na t\u00e9ma \u201ePoskytov\u00e1n\u00ed prvn\u00ed pomoci\u201c. Besedy se z\u00fa\u010dastnili v\u0161ichni \u010dlenov\u00e9 na\u0161\u00ed v\u00fdjezdov\u00e9 jednotky, d\u00e1le \u010dlenov\u00e9 v\u00fdjezdov\u00fdch jednotek sousedn\u00edch sbor\u016f a p\u0159i\u0161li i n\u011bkte\u0159\u00ed ob\u010dasn\u00e9 na\u0161\u00ed obce. Celkem se t\u00e9to besedy z\u00fa\u010dastnilo 80 osob.<\/p>\n\n\n\n<p>V\u0161echny z\u00edskan\u00e9 informace z&nbsp;t\u00e9to besedy jsme mohli hned 20. dubna prakticky vyzkou\u0161et v&nbsp;r\u00e1mci prov\u011b\u0159ovac\u00edho cvi\u010den\u00ed u Drahot\u00edna. T\u00e9matem tohoto cvi\u010den\u00ed bylo vyhled\u00e1v\u00e1n\u00ed osob a n\u00e1sledn\u00e9 poskytnut\u00ed prvn\u00ed pomoci. Tohoto cvi\u010den\u00ed se z\u00fa\u010dastnili nejen v\u0161echny jednotky sbor\u016f okrsku Hromnice a Dolany, ale tak\u00e9 jednotka kynolog\u016f SDH Horn\u00ed B\u0159\u00edza.<\/p>\n\n\n\n<p>Ve voln\u00fdch chv\u00edl\u00edch, kdy jsme se ne\u00fa\u010dastnili \u017e\u00e1dn\u00e9 akce, jsme se pustili do dostavby \u0161atny pro v\u00fdjezdovou jednotku a do p\u0159\u00edpravy gar\u00e1\u017e\u00ed pro fin\u00e1ln\u00ed zednick\u00e9 pr\u00e1ce, kter\u00e9 jsme si ud\u011blali sv\u00e9pomoc\u00ed.<\/p>\n\n\n\n<p>7. kv\u011btna jsme se pustili do \u010di\u0161t\u011bn\u00ed m\u00edstn\u00edho koupali\u0161t\u011b. I kdy\u017e p\u0159\u00edtok byl velmi slab\u00fd a ob\u00e1vali jsme se, \u017ee voda do vy\u010di\u0161t\u011bn\u00e9ho koupali\u0161t\u011b nedote\u010de, tak i d\u00edky vydatn\u00fdm de\u0161\u0165\u016fm, voda do koupali\u0161t\u011b dotekla.<\/p>\n\n\n\n<p>12. kv\u011btna jsme po\u0159\u00e1dali pou\u0165ovou z\u00e1bavu. K&nbsp;tanci a poslechu hr\u00e1la skupina Proch\u00e1zka band. I p\u0159es propagaci, kterou jsme t\u00e9to akci v\u011bnovali, byla n\u00e1v\u0161t\u011bvnost b\u00eddn\u00e1 a p\u0159i\u0161li \u201epouze\u201c \u010dlenov\u00e9 na\u0161eho sboru.<\/p>\n\n\n\n<p>V&nbsp;dal\u0161\u00edch nadch\u00e1zej\u00edc\u00edch dnech jsme se upnuli na tr\u00e9nink po\u017e\u00e1rn\u00edho \u00fatoku.<\/p>\n\n\n\n<p>26. kv\u011btna jsme odjeli na okrskov\u00e9 cvi\u010den\u00ed do Hromnice. Nejprve n\u00e1s v&nbsp;prvn\u00edm kole \u010dekala \u0161tafeta a n\u00e1sledn\u011b po\u017e\u00e1rn\u00ed \u00fatok. Dru\u017estvo d\u011bt\u00ed \u2013 holek obsadilo kr\u00e1sn\u00e9 2. m\u00edsto a dru\u017estvo d\u011bt\u00ed \u2013 kluk\u016f obsadilo 4. m\u00edsto. Dru\u017estvo mu\u017e\u016f obsadilo 2. m\u00edsto, kdy ho p\u0159ekonalo o pouh\u00e9 dv\u011b vte\u0159iny dru\u017estvo z&nbsp;Plan\u00e9.<\/p>\n\n\n\n<p>16. \u010dervna jsme uspo\u0159\u00e1dali tradi\u010dn\u00ed \u201eNo\u010dn\u00ed j\u00edzdu\u201c. \u00da\u010dast byla vysok\u00e1, 90 hasi\u010d\u016f a hasi\u010dek z&nbsp;okoln\u00edch sbor\u016f. Tra\u0165 sout\u011b\u017ee vedla tradi\u010dn\u011b po okoln\u00edch vesnic\u00edch (\u010c. B\u0159\u00edza, Zru\u010d, Senec, Druztov\u00e1, Dolany, Kostelec, Plan\u00ed, Chotin\u00e1, \u017dichlice a Hromnice), ve kter\u00fdch zb\u00fdvaj\u00edc\u00ed \u010dlenov\u00e9 sbor\u016f p\u0159ipravili r\u016fznorod\u00e9 discipl\u00edny, a\u0165 s&nbsp;hasi\u010dskou t\u00e9matikou, nebo v\u00edce pro pobaven\u00ed p\u0159\u00edpadn\u00fdch div\u00e1k\u016f. Poh\u00e1r starosty okrsku si za prvn\u00ed m\u00edsto odvezlo dru\u017estvo hasi\u010dek z&nbsp;SDH Senec a poh\u00e1r starosty obce vyhr\u00e1lo dru\u017estvo mu\u017e\u016f z&nbsp;SDH Druztov\u00e1. Na\u0161e dru\u017estvo se um\u00edstilo na 5. m\u00edst\u011b.<\/p>\n\n\n\n<p>B\u011bhem pr\u00e1zdninov\u00fdch m\u011bs\u00edc\u016f jsme se sch\u00e1zeli sp\u00ed\u0161e sporadicky, nebo\u0165 v\u0161ichni \u010dlenov\u00e9 postupn\u011b odj\u00ed\u017ed\u011bli a p\u0159ij\u00ed\u017ed\u011bli na dovolenou.<\/p>\n\n\n\n<p>Za\u010d\u00e1tkem \u0159\u00edjna se se vydali i s&nbsp;d\u011btmi na d\u00e1lkov\u00fd pochod \u201eT\u0159emo\u0161ensk\u00e1 pades\u00e1tka\u201c. Trasa byla n\u00e1ro\u010dn\u00e1, m\u011b\u0159ila neuv\u011b\u0159iteln\u00fdch 25 kilometr\u016f. Za zm\u00ednku zde stoj\u00ed, \u017ee tuto celou trasu, bez zn\u00e1mek \u00fanavy nebo vy\u010derp\u00e1n\u00ed, u\u0161li i na\u0161i nejmlad\u0161\u00ed \u010dlenov\u00e9 sboru, Va\u0161\u00edk Hot\u011bk a \u0160imon Duchoslav.<\/p>\n\n\n\n<p>17. listopadu jsme spole\u010dn\u011b s&nbsp;dal\u0161\u00edmi ob\u010dany obce uspo\u0159\u00e1dali brig\u00e1du na hrab\u00e1n\u00ed list\u00ed po obci.<\/p>\n\n\n\n<p>Do konce tohoto roku jsme se ji\u017e v\u011bnovali \u201ejen\u201c oprav\u00e1m vnit\u0159n\u00edch prostor na\u0161\u00ed zbrojnice a p\u0159\u00edprav\u00e1m na dal\u0161\u00ed v\u00fdro\u010dn\u00ed valnou hromadu, kter\u00e1 n\u00e1s bude tradi\u010dn\u011b \u010dekat v&nbsp;prvn\u00edm m\u011bs\u00edci roku 2019.<\/p>\n","protected":false},"excerpt":{"rendered":"<p>S&nbsp;p\u0159\u00edchodem nov\u00e9ho roku jsme op\u011bt na\u0161i \u010dinnost zah\u00e1jili dne 20. ledna 2018 v\u00fdro\u010dn\u00ed valnou hromadou, kter\u00e9 se z\u00fa\u010dastnili v\u0161ichni \u010dlenov\u00e9 na\u0161eho sboru a d\u00e1le host\u00e9 v\u0161ech na\u0161ich sp\u0159\u00e1telen\u00fdch sbor\u016f. V&nbsp;sobotu 20. ledna byl v&nbsp;11:30 hod. na\u0161\u00ed jednotce vyhl\u00e1\u0161en po\u017e\u00e1rn\u00ed poplach na po\u017e\u00e1r rodinn\u00e9ho domu v&nbsp;obci. Vyjeli jsme 8 minut po vyhl\u00e1\u0161en\u00ed poplachu a na m\u00edsto &hellip; <a href=\"https:\/\/www.sdhceskabriza.cz\/?page_id=256\">Continue reading <span class=\"meta-nav\">&rarr;<\/span><\/a><\/p>\n","protected":false},"author":1,"featured_media":0,"parent":0,"menu_order":0,"comment_status":"closed","ping_status":"closed","template":"","meta":[],"_links":{"self":[{"href":"https:\/\/www.sdhceskabriza.cz\/index.php?rest_route=\/wp\/v2\/pages\/256"}],"collection":[{"href":"https:\/\/www.sdhceskabriza.cz\/index.php?rest_route=\/wp\/v2\/pages"}],"about":[{"href":"https:\/\/www.sdhceskabriza.cz\/index.php?rest_route=\/wp\/v2\/types\/page"}],"author":[{"embeddable":true,"href":"https:\/\/www.sdhceskabriza.cz\/index.php?rest_route=\/wp\/v2\/users\/1"}],"replies":[{"embeddable":true,"href":"https:\/\/www.sdhceskabriza.cz\/index.php?rest_route=%2Fwp%2Fv2%2Fcomments&post=256"}],"version-history":[{"count":1,"href":"https:\/\/www.sdhceskabriza.cz\/index.php?rest_route=\/wp\/v2\/pages\/256\/revisions"}],"predecessor-version":[{"id":257,"href":"https:\/\/www.sdhceskabriza.cz\/index.php?rest_route=\/wp\/v2\/pages\/256\/revisions\/257"}],"wp:attachment":[{"href":"https:\/\/www.sdhceskabriza.cz\/index.php?rest_route=%2Fwp%2Fv2%2Fmedia&parent=256"}],"curies":[{"name":"wp","href":"https:\/\/api.w.org\/{rel}","templated":true}]}}