{"id":258,"date":"2021-02-27T08:31:56","date_gmt":"2021-02-27T07:31:56","guid":{"rendered":"https:\/\/www.sdhceskabriza.cz\/?page_id=258"},"modified":"2021-02-27T08:31:56","modified_gmt":"2021-02-27T07:31:56","slug":"rok-2019","status":"publish","type":"page","link":"https:\/\/www.sdhceskabriza.cz\/?page_id=258","title":{"rendered":"Rok 2019"},"content":{"rendered":"\n<p>Op\u011bt, jako ka\u017ed\u00fd p\u0159edchoz\u00ed rok, jsme i leto\u0161n\u00ed zah\u00e1jili 19. ledna v\u00fdro\u010dn\u00ed valnou hromadou sboru.<\/p>\n\n\n\n<p>17. \u00fanora jsme uspo\u0159\u00e1dali ma\u0161karn\u00ed b\u00e1l pro d\u011bti. Celkem se t\u00e9to akce z\u00fa\u010dastnilo 62 d\u011bt\u00ed s&nbsp;r\u016fznorod\u00fdch mask\u00e1ch a p\u0159evlec\u00edch. Jako v&nbsp;lo\u0148sk\u00e9m roce, i letos z\u00edskaly t\u0159i nejlep\u0161\u00ed masky (d\u011bti J) jako cenu sladk\u00fd dort.<\/p>\n\n\n\n<p>21. \u00fanora v&nbsp;16:00 hod. byl na\u0161\u00ed jednotce vyhl\u00e1\u0161en poplach. Jednalo se o odstran\u011bn\u00ed kalamitn\u00edch stav\u016f v&nbsp;chatov\u00e9 oblasti u T\u0159emo\u0161enky. Konkr\u00e9tn\u011b se jednalo o odstran\u011bn\u00ed t\u0159\u00ed ulomen\u00fdch nebo vyvr\u00e1cen\u00fdch strom\u016f, kter\u00e9 popadaly na p\u0159ilehl\u00e9 chaty a p\u0159\u00edst\u0159e\u0161ky. Zde m\u011bli kone\u010dn\u011b na\u0161i nov\u011b vy\u0161kolen\u00ed \u201epila\u0159i\u201c mo\u017enost uk\u00e1zat co se nau\u010dili v&nbsp;kurzu a za necel\u00e9 dv\u011b hodiny jsme m\u011bli v\u0161e uklizen\u00e9 a vraceli jsme se na z\u00e1kladnu.<\/p>\n\n\n\n<p>V&nbsp;polovin\u011b b\u0159ezna zapo\u010dal tr\u00e9nink nov\u011b vznikl\u00e9ho sout\u011b\u017en\u00edho dru\u017estva \u017een.<\/p>\n\n\n\n<p>Posledn\u00ed dubnovou sobotu jsme se vydali na sout\u011b\u017e okrsku Dolany, kter\u00e1 se konala ve Zru\u010di. T\u00e9to sout\u011b\u017ee jsme se \u00fa\u010dastnili jako host\u00e9 a proto n\u00e1mi dosa\u017een\u00e9 v\u00fdsledky se nezapo\u010d\u00edt\u00e1vali do celkov\u00e9ho hodnocen\u00ed sout\u011b\u017ee. Sout\u011b\u017e byla dob\u0159e p\u0159ipravena, nicm\u00e9n\u011b se zde projevila r\u016fznorodost pou\u017e\u00edvan\u00fdch po\u017e\u00e1rn\u00edch st\u0159\u00edka\u010dek. Na\u0161emu dru\u017estvu mu\u017e\u016f se bohu\u017eel v&nbsp;t\u00e9to sout\u011b\u017ei neda\u0159ilo a \u00fatok nedokon\u010dilo, dru\u017estvo \u017een sv\u00fdm \u010dasem vybojovalo kr\u00e1sn\u00e9 2. m\u00edsto.<\/p>\n\n\n\n<p>Prvn\u00ed kv\u011btnovou sobotu jsme op\u011bt m\u011bli tradi\u010dn\u00ed brig\u00e1du na vy\u010di\u0161t\u011bn\u00ed m\u00edstn\u00edho koupali\u0161t\u011b. P\u0159\u00edtok je jako ka\u017ed\u00fd rok velmi slab\u00fd, tak uvid\u00edme, jestli voda do koupali\u0161t\u011b bez probl\u00e9m\u016f p\u0159ite\u010de. Po brig\u00e1d\u011b n\u00e1sledoval tr\u00e9nink dru\u017estva mu\u017e\u016f a \u017een.<\/p>\n\n\n\n<p>V&nbsp;sobotu 11. kv\u011btna jsme odjeli na okrskov\u00e9 cvi\u010den\u00ed do Hromnice. I p\u0159es nep\u0159\u00edze\u0148 po\u010das\u00ed, kter\u00e1 n\u00e1m zastihla b\u011bhen po\u017e\u00e1rn\u00edch \u00fatok\u016f, dru\u017estvo d\u011bt\u00ed obsadilo 2. m\u00edsto, dru\u017estvo \u017een obsadilo 3. m\u00edsto a dru\u017estvo mu\u017e\u016f \u201eA\u201c 1. m\u00edsto a dru\u017estvo mu\u017e\u016f nad 50 let 4. m\u00edsto.<\/p>\n\n\n\n<p>Dal\u0161\u00ed kv\u011btnovou sobotu jsme vy\u010distili koupali\u0161t\u011b v&nbsp;chat\u00e1ch a ve\u010der jsme se vydali pobavit na pou\u0165ovou z\u00e1bavu, kterou po\u0159\u00e1dal m\u00edstn\u00ed obecn\u00ed \u00fa\u0159ad.<\/p>\n\n\n\n<p>3. \u010dervna byl na\u0161\u00ed jednotce op\u011bt vyhl\u00e1\u0161en poplach za \u00fa\u010delem likvidace nebezpe\u010dn\u00fdch stav\u016f. Jednalo se o \u00faklid zlomen\u00e9ho stromu v&nbsp;zat\u00e1\u010dce sm\u011brem na Zru\u010d a jednoho vyvr\u00e1cen\u00e9ho stromu v&nbsp;chat\u00e1ch.<\/p>\n\n\n\n<p>Prvn\u00ed \u010dervnovou soboru jsme odjeli s&nbsp;d\u011btmi na sout\u011b\u017e okrsku Dolany, kter\u00e1 se konala na louce za \u0161kolou v&nbsp;Dolanech. Sout\u011b\u017ee se celkem z\u00fa\u010dastnilo 23 dru\u017estev d\u011bt\u00ed a na\u0161e dv\u011b dru\u017estva star\u0161\u00edch d\u011bt\u00ed se um\u00edstily na 4. a 5. m\u00edst\u011b.<\/p>\n\n\n\n<p>22. \u010dervna se jako ka\u017ed\u00fd rok uspo\u0159\u00e1dali \u201eNo\u010dn\u00ed j\u00edzdu\u201c. \u00da\u010dast byla na tomto ro\u010dn\u00edku m\u00edrn\u011b slab\u0161\u00ed ne\u017e v&nbsp;p\u0159edchoz\u00edm roce, \u00fa\u010dastnilo se j\u00ed \u201epouze\u201c 80 hasi\u010d\u016f a hasi\u010dek z&nbsp;okoln\u00edch sbor\u016f. Prvn\u00ed sout\u011b\u017en\u00ed dru\u017estvo se vydalo na tra\u0165 v&nbsp;osm hodin ve\u010der a sout\u011b\u017e kon\u010dila ve dv\u011b hodiny r\u00e1no. Celou dobu sout\u011b\u017ee n\u00e1m vydatn\u011b pr\u0161elo, ale pro dru\u017estva na\u0161eho sboru pr\u0161elo \u0161t\u011bst\u00ed. Dru\u017estvo \u017een se um\u00edstilo na 1. m\u00edst\u011b a dru\u017estvo mu\u017e\u016f se t\u00e9\u017e um\u00edstilo na 1. m\u00edst\u011b.<\/p>\n\n\n\n<p>Na konci pr\u00e1zdnin jsme se vydali na sout\u011b\u017e \u201eDolansk\u00fd \u0161plouchanec\u201c, kter\u00e1 se konala v&nbsp;kr\u00e1sn\u00e9m prost\u0159ed\u00ed u \u0159eky Berounky v&nbsp;t\u00e1bo\u0159i\u0161ti Na Z\u00e1vrtku pod Dolansk\u00fdm mostem. Jednalo se sp\u00ed\u0161e o netradi\u010dn\u00ed pojet\u00ed po\u017e\u00e1rn\u00edho \u00fatoku, tak\u017ee cel\u00e9 sout\u011b\u017en\u00ed dru\u017estvo startovalo z&nbsp;po\u017e\u00e1rn\u00edho automobilu. Dru\u017estvo mu\u017e\u016f skon\u010dilo na 4. m\u00edst\u011b a dru\u017estvo \u017een na 3. m\u00edst\u011b.<\/p>\n\n\n\n<p>14. z\u00e1\u0159\u00ed vyjelo dru\u017estvo \u017een na sout\u011b\u017e do Rybnice, kter\u00e1 se zde konala pod \u201ekryc\u00edm\u201c n\u00e1zvem \u201eRybnick\u00e1 gumovka\u201c. I zde se jednalo o netradi\u010dn\u00ed proveden\u00ed po\u017e\u00e1rn\u00edho \u00fatoku, kter\u00fd byl spojen se z\u00e1ludn\u00fdmi \u00fakoly, a to p\u0159ekvapilo dost dru\u017estev. Dru\u017estvo \u017een skon\u010dilo na 3. m\u00edst\u011b.<\/p>\n\n\n\n<p>N\u00e1sledn\u011b jsme se tradi\u010dn\u011b z\u00fa\u010dastnili dne 5. \u0159\u00edjna pochodu \u201eT\u0159emo\u0161ensk\u00e1 pades\u00e1tka\u201c.<\/p>\n\n\n\n<p>15. listopadu se uskute\u010dnila na\u0161e posledn\u00ed akce a to beseda se zdravotnick\u00fdm z\u00e1chran\u00e1\u0159em v&nbsp;m\u00edstn\u00edm kulturn\u00edm dom\u011b. \u00da\u010dast byla na t\u00e9to besed\u011b vysok\u00e1, z\u00fa\u010dastnili se j\u00ed v\u0161ichni \u010dlenov\u00e9 na\u0161\u00ed v\u00fdjezdov\u00e9 jednotky, z\u00e1stupkyn\u011b dru\u017estva \u017een a d\u00e1le \u010dlenov\u00e9 v\u00fdjezdov\u00fdch jednotek okoln\u00edch sbor\u016f a tak\u00e9 m\u00edstn\u00ed obyvatel\u00e9 obce. Beseda se poda\u0159ila a za skoro t\u0159i hodiny se toho v\u0161ichni hodn\u011b nau\u010dili.<\/p>\n\n\n\n<p>Do konce roku jsme je\u0161t\u011b uspo\u0159\u00e1dali n\u011bkolik brig\u00e1d, p\u0159edev\u0161\u00edm na opravu a \u00faklid hasi\u010dsk\u00e9 zbrojnice a okol\u00ed zbrojnice.<\/p>\n","protected":false},"excerpt":{"rendered":"<p>Op\u011bt, jako ka\u017ed\u00fd p\u0159edchoz\u00ed rok, jsme i leto\u0161n\u00ed zah\u00e1jili 19. ledna v\u00fdro\u010dn\u00ed valnou hromadou sboru. 17. \u00fanora jsme uspo\u0159\u00e1dali ma\u0161karn\u00ed b\u00e1l pro d\u011bti. Celkem se t\u00e9to akce z\u00fa\u010dastnilo 62 d\u011bt\u00ed s&nbsp;r\u016fznorod\u00fdch mask\u00e1ch a p\u0159evlec\u00edch. Jako v&nbsp;lo\u0148sk\u00e9m roce, i letos z\u00edskaly t\u0159i nejlep\u0161\u00ed masky (d\u011bti J) jako cenu sladk\u00fd dort. 21. \u00fanora v&nbsp;16:00 hod. byl na\u0161\u00ed &hellip; <a href=\"https:\/\/www.sdhceskabriza.cz\/?page_id=258\">Continue reading <span class=\"meta-nav\">&rarr;<\/span><\/a><\/p>\n","protected":false},"author":1,"featured_media":0,"parent":0,"menu_order":0,"comment_status":"closed","ping_status":"closed","template":"","meta":[],"_links":{"self":[{"href":"https:\/\/www.sdhceskabriza.cz\/index.php?rest_route=\/wp\/v2\/pages\/258"}],"collection":[{"href":"https:\/\/www.sdhceskabriza.cz\/index.php?rest_route=\/wp\/v2\/pages"}],"about":[{"href":"https:\/\/www.sdhceskabriza.cz\/index.php?rest_route=\/wp\/v2\/types\/page"}],"author":[{"embeddable":true,"href":"https:\/\/www.sdhceskabriza.cz\/index.php?rest_route=\/wp\/v2\/users\/1"}],"replies":[{"embeddable":true,"href":"https:\/\/www.sdhceskabriza.cz\/index.php?rest_route=%2Fwp%2Fv2%2Fcomments&post=258"}],"version-history":[{"count":1,"href":"https:\/\/www.sdhceskabriza.cz\/index.php?rest_route=\/wp\/v2\/pages\/258\/revisions"}],"predecessor-version":[{"id":259,"href":"https:\/\/www.sdhceskabriza.cz\/index.php?rest_route=\/wp\/v2\/pages\/258\/revisions\/259"}],"wp:attachment":[{"href":"https:\/\/www.sdhceskabriza.cz\/index.php?rest_route=%2Fwp%2Fv2%2Fmedia&parent=258"}],"curies":[{"name":"wp","href":"https:\/\/api.w.org\/{rel}","templated":true}]}}