{"id":386,"date":"2021-12-31T07:14:52","date_gmt":"2021-12-31T06:14:52","guid":{"rendered":"https:\/\/www.sdhceskabriza.cz\/?page_id=386"},"modified":"2021-12-31T07:20:31","modified_gmt":"2021-12-31T06:20:31","slug":"informace-o-souborech-cookies","status":"publish","type":"page","link":"https:\/\/www.sdhceskabriza.cz\/?page_id=386","title":{"rendered":"INFORMACE O SOUBORECH COOKIES"},"content":{"rendered":"\n<h2><strong>Co jsou cookies<\/strong><\/h2>\n\n\n\n<p>Cookies jsou drobn\u00e9 textov\u00e9 soubory ukl\u00e1dan\u00e9 do va\u0161eho po\u010d\u00edta\u010de. Ukl\u00e1d\u00e1 je internetov\u00fd prohl\u00ed\u017ee\u010d na \u017e\u00e1dost jednotliv\u00fdch webov\u00fdch str\u00e1nek, kter\u00e9 si prohl\u00ed\u017e\u00edte. Webov\u00e9 str\u00e1nky si mohou zp\u011btn\u011b vy\u017e\u00e1dat obsah souboru. Podle n\u011bj poznaj\u00ed, kter\u00e9 str\u00e1nky jste d\u0159\u00edve nav\u0161t\u00edvili, jestli m\u00e1te n\u011bco v ko\u0161\u00edku nebo jestli jste p\u0159ihl\u00e1\u0161eni.&nbsp;<strong>Cookies jsou nutn\u00e9 pro spr\u00e1vn\u00e9 fungov\u00e1n\u00ed v\u011bt\u0161iny webov\u00fdch str\u00e1nek&nbsp;<\/strong>na internetu.<\/p>\n\n\n\n<h2><strong>Jak\u00e9 typy soubor\u016f pou\u017e\u00edv\u00e1me<\/strong><\/h2>\n\n\n\n<p>Na soubory cookies se na na\u0161ich internetov\u00fdch str\u00e1nk\u00e1ch m\u016f\u017eete d\u00edvat podle doby platnosti nebo podle \u00fa\u010delu.<\/p>\n\n\n\n<h3><strong>Platnost:<\/strong><\/h3>\n\n\n\n<p>\u2022&nbsp;kr\u00e1tkodob\u00e9 cookies &#8211; plat\u00ed po dobu va\u0161\u00ed n\u00e1v\u0161t\u011bvy a n\u011bkolik minut po opu\u0161t\u011bn\u00ed str\u00e1nek na\u0161eho webu pozb\u00fdvaj\u00ed platnosti. Pom\u00e1haj\u00ed z\u00e1kladn\u00edm funkc\u00edm na\u0161ich internetov\u00fdch str\u00e1nek.<br>&nbsp;<\/p>\n\n\n\n<p>\u2022&nbsp;dlouhodob\u00e9 cookies &#8211; plat\u00ed n\u011bkolik dn\u00ed a\u017e m\u011bs\u00edc\u016f. Usnad\u0148uj\u00ed nastaven\u00ed na\u0161ich internetov\u00fdch str\u00e1nek a kdy\u017e se vr\u00e1t\u00edte, pom\u00e1haj\u00ed s p\u0159ihl\u00e1\u0161en\u00edm nebo s p\u0159ipomenut\u00edm nab\u00eddky na\u0161ich internetov\u00fdch str\u00e1nek v reklamn\u00edch ploch\u00e1ch jin\u00fdch web\u016f.<\/p>\n\n\n\n<h3><strong>\u00da\u010del:<\/strong><\/h3>\n\n\n\n<p>\u2022&nbsp;Technick\u00e9 cookies. Technick\u00e9 cookies jsou nezbytn\u00e9 pro spr\u00e1vn\u00e9 fungov\u00e1n\u00ed webu a v\u0161ech funkc\u00ed, kter\u00e9 nab\u00edz\u00ed. Tyto soubory zaji\u0161\u0165uj\u00ed uchov\u00e1v\u00e1n\u00ed produkt\u016f v ko\u0161\u00edku, zobrazov\u00e1n\u00ed seznamu obl\u00edben\u00fdch v\u00fdrobk\u016f, spr\u00e1vn\u00e9 fungov\u00e1n\u00ed filtr\u016f, nebo p\u0159ihl\u00e1\u0161en\u00ed. Bez t\u011bchto soubor\u016f cookies nebude webov\u00e1 str\u00e1nka spr\u00e1vn\u011b fungovat a ve v\u00fdchoz\u00edm nastaven\u00ed jsou povoleny a nelze je zak\u00e1zat. Tyto soubory cookies neukl\u00e1daj\u00ed \u017e\u00e1dn\u00e9 osobn\u011b identifikovateln\u00e9 informace.<\/p>\n\n\n\n<p>\u2022&nbsp;Marketingov\u00e9 cookies rozd\u011blujeme na t\u0159i podtypy. Jsou jimi analytick\u00e9 cookies, personalizovan\u00e9 cookies a reklamn\u00ed cookies. Tato cookies n\u00e1m pom\u00e1haj\u00ed optimalizovat nab\u00eddku pro z\u00e1kazn\u00edky a oslovit je v reklamn\u00edch ploch\u00e1ch na jin\u00fdch webov\u00fdch str\u00e1nk\u00e1ch. Tato cookies podl\u00e9haj\u00ed Va\u0161emu souhlasu. Pokud souhlas neud\u011bl\u00edte, m\u016f\u017eete i nad\u00e1le na\u0161e internetov\u00e9 str\u00e1nky nav\u0161t\u00edvit a nakupovat. Bez ud\u011blen\u00ed souhlasu s&nbsp;marketingov\u00fdmi cookies si v\u0161ak nebudete moci prohl\u00e9dnout produktov\u00e1 videa um\u00edst\u011bn\u00e1 u jednotliv\u00fdch v\u00fdrobk\u016f.<\/p>\n\n\n\n<p>\u2022&nbsp;Analytick\u00e9 cookies. Analytick\u00e9 cookies n\u00e1m umo\u017e\u0148uj\u00ed m\u011b\u0159en\u00ed v\u00fdkonu na\u0161eho webu a na\u0161ich reklamn\u00edch kampan\u00ed. Jejich pomoc\u00ed ur\u010dujeme po\u010det n\u00e1v\u0161t\u011bv a zdroje n\u00e1v\u0161t\u011bv na\u0161ich internetov\u00fdch str\u00e1nek. Data z\u00edskan\u00e1 pomoc\u00ed t\u011bchto cookies zpracov\u00e1v\u00e1me souhrnn\u011b, bez pou\u017eit\u00ed identifik\u00e1tor\u016f, kter\u00e9 ukazuj\u00ed na konkr\u00e9tn\u00ed u\u017eivatel\u00e9 na\u0161eho webu. Pokud vypnete pou\u017e\u00edv\u00e1n\u00ed analytick\u00fdch cookies ve Va\u0161em prohl\u00ed\u017ee\u010di, ztr\u00e1c\u00edme mo\u017enost anal\u00fdzy v\u00fdkonu a n\u00e1sledn\u00e9 optimalizace na\u0161eho webu.<\/p>\n\n\n\n<p>\u2022&nbsp;Personalizovan\u00e9 cookies. Personalizovan\u00e9 soubory cookies pou\u017e\u00edv\u00e1me, abychom p\u0159izp\u016fsobili n\u00e1\u0161 obchod pot\u0159eb\u00e1m a z\u00e1jm\u016fm na\u0161ich z\u00e1kazn\u00edk\u016f a p\u0159ipravili tak pro v\u00e1s lep\u0161\u00ed n\u00e1kupn\u00ed zku\u0161enosti. D\u00edky personalizovan\u00fdm cookies V\u00e1m m\u016f\u017eeme nab\u00eddku uzp\u016fsobit p\u0159\u00edmo na v\u00e1s. D\u00edky pou\u017eit\u00ed personalizovan\u00fdch cookies se vyhnete neodpov\u00eddaj\u00edc\u00edm doporu\u010den\u00edm v\u00fdrobk\u016f nebo neu\u017eite\u010dn\u00e9 mimo\u0159\u00e1dn\u00e9 nab\u00eddky.<\/p>\n\n\n\n<p>\u2022&nbsp;Reklamn\u00ed cookies. Reklamn\u00ed cookies pou\u017e\u00edv\u00e1me my nebo na\u0161i partne\u0159i, abychom V\u00e1m mohli zobrazit vhodn\u00e9 obsahy nebo reklamy jak na na\u0161ich str\u00e1nk\u00e1ch, tak na str\u00e1nk\u00e1ch t\u0159et\u00edch subjekt\u016f. Na z\u00e1klad\u011b t\u011bchto informac\u00ed nen\u00ed zpravidla mo\u017en\u00e1 bezprost\u0159edn\u00ed identifikace Va\u0161\u00ed osoby, proto\u017ee jsou pou\u017e\u00edv\u00e1ny pouze anonymizovan\u00e9 \u00fadaje. Pokud nevyj\u00e1d\u0159\u00edte souhlas, nebudete p\u0159\u00edjemcem obsah\u016f a reklam p\u0159izp\u016fsoben\u00fdch Va\u0161im z\u00e1jm\u016fm a pot\u0159eb\u00e1m.<\/p>\n\n\n\n<h2><strong>Nastaven\u00ed cookies<\/strong><\/h2>\n\n\n\n<p>Cookies si m\u016f\u017eete nastavit ve sv\u00e9m prohl\u00ed\u017ee\u010di<\/p>\n\n\n\n<h2><strong>Komu cookies p\u0159ed\u00e1v\u00e1me<\/strong><\/h2>\n\n\n\n<p>Cookies slou\u017e\u00ed mimo jin\u00e9 k p\u0159izp\u016fsoben\u00ed reklam va\u0161im z\u00e1jm\u016fm, a to jak na t\u011bchto str\u00e1nk\u00e1ch, tak mimo n\u011b. Za t\u00edm \u00fa\u010delem umo\u017e\u0148ujeme ulo\u017eit cookies t\u0159et\u00edm stran\u00e1m, kter\u00e9 je mohou pou\u017e\u00edt ke sb\u011bru \u00fadaj\u016f o va\u0161em chov\u00e1n\u00ed na na\u0161em webu, a nebo pro zobrazen\u00ed p\u0159izp\u016fsoben\u00fdch nab\u00eddek a c\u00edlen\u00e9 reklamy na jin\u00fdch webov\u00fdch str\u00e1nk\u00e1ch, ne\u017e jsou na\u0161e internetov\u00e9 str\u00e1nky.<\/p>\n\n\n\n<p>V&nbsp;p\u0159\u00edpad\u011b, \u017ee si budete cht\u00edt p\u0159ehr\u00e1t produktov\u00e9 video, kter\u00e9 se um\u00edst\u011bno v&nbsp;popisu v\u00fdrobku, z\u00edsk\u00e1v\u00e1 Va\u0161e cookies provozovatel platformy, na kter\u00e9 se produktov\u00e9 video nach\u00e1z\u00ed. Uveden\u00e9 podl\u00e9h\u00e1 Va\u0161emu souhlasu; pokud tedy neud\u011bl\u00edte souhlas s&nbsp;marketingov\u00fdmi cookies, nem\u016f\u017eete si produktov\u00e9 video prohl\u00e9dnout.<\/p>\n\n\n\n<h2><strong>Doba zpracov\u00e1n\u00ed cookies<\/strong><\/h2>\n\n\n\n<p>Doba zpracov\u00e1n\u00ed jednotliv\u00fdch typ\u016f cookies, resp. jejich expirace se li\u0161\u00ed a v&nbsp;\u010dase se m\u011bn\u00ed. Naleznete ji v&nbsp;nastaven\u00ed va\u0161eho prohl\u00ed\u017ee\u010de.<\/p>\n\n\n\n<h2><strong>Pr\u00e1va subjektu \u00fadaj\u016f<\/strong><\/h2>\n\n\n\n<p>M\u00e1te pr\u00e1vo obr\u00e1tit se na n\u00e1s s \u017e\u00e1dost\u00ed o sd\u011blen\u00ed podrobnost\u00ed o zpracov\u00e1n\u00ed osobn\u00edch \u00fadaj\u016f a my V\u00e1m bezplatn\u011b poskytneme podrobn\u00e9 informace. Mus\u00edme V\u00e1s v\u0161ak&nbsp; upozornit, \u017ee v p\u0159\u00edpad\u011b opakovan\u00fdch anebo ned\u016fvodn\u00fdch \u017e\u00e1dost\u00ed jsme opr\u00e1vn\u011bni po\u017eadovat za poskytnut\u00ed informac\u00ed \u00fahradu n\u00e1klad\u016f s t\u00edm spojen\u00fdch nebo poskytnut\u00ed informace odep\u0159\u00edt.<\/p>\n\n\n\n<p>M\u016f\u017eete se na n\u00e1s obr\u00e1tit s \u017e\u00e1dost\u00ed o v\u00fdmaz osobn\u00edch \u00fadaj\u016f. M\u016f\u017eete tedy kdykoli vyslovit nesouhlas se zpracov\u00e1v\u00e1n\u00edm marketingov\u00fdch cookies.<\/p>\n\n\n\n<p>M\u016f\u017eete vzn\u00e9st n\u00e1mitku proti zpracov\u00e1n\u00ed osobn\u00edch \u00fadaj\u016f a m\u016f\u017eete se takt\u00e9\u017e obr\u00e1tit na \u00da\u0159ad pro ochranu osobn\u00edch \u00fadaj\u016f, pokud m\u00e1te za to, \u017ee na\u0161e spole\u010dnost zpracov\u00e1v\u00e1 osobn\u00ed \u00fadaje protipr\u00e1vn\u011b.<\/p>\n","protected":false},"excerpt":{"rendered":"<p>Co jsou cookies Cookies jsou drobn\u00e9 textov\u00e9 soubory ukl\u00e1dan\u00e9 do va\u0161eho po\u010d\u00edta\u010de. Ukl\u00e1d\u00e1 je internetov\u00fd prohl\u00ed\u017ee\u010d na \u017e\u00e1dost jednotliv\u00fdch webov\u00fdch str\u00e1nek, kter\u00e9 si prohl\u00ed\u017e\u00edte. Webov\u00e9 str\u00e1nky si mohou zp\u011btn\u011b vy\u017e\u00e1dat obsah souboru. Podle n\u011bj poznaj\u00ed, kter\u00e9 str\u00e1nky jste d\u0159\u00edve nav\u0161t\u00edvili, jestli m\u00e1te n\u011bco v ko\u0161\u00edku nebo jestli jste p\u0159ihl\u00e1\u0161eni.&nbsp;Cookies jsou nutn\u00e9 pro spr\u00e1vn\u00e9 fungov\u00e1n\u00ed v\u011bt\u0161iny &hellip; <a href=\"https:\/\/www.sdhceskabriza.cz\/?page_id=386\">Continue reading <span class=\"meta-nav\">&rarr;<\/span><\/a><\/p>\n","protected":false},"author":1,"featured_media":0,"parent":0,"menu_order":0,"comment_status":"closed","ping_status":"closed","template":"","meta":[],"_links":{"self":[{"href":"https:\/\/www.sdhceskabriza.cz\/index.php?rest_route=\/wp\/v2\/pages\/386"}],"collection":[{"href":"https:\/\/www.sdhceskabriza.cz\/index.php?rest_route=\/wp\/v2\/pages"}],"about":[{"href":"https:\/\/www.sdhceskabriza.cz\/index.php?rest_route=\/wp\/v2\/types\/page"}],"author":[{"embeddable":true,"href":"https:\/\/www.sdhceskabriza.cz\/index.php?rest_route=\/wp\/v2\/users\/1"}],"replies":[{"embeddable":true,"href":"https:\/\/www.sdhceskabriza.cz\/index.php?rest_route=%2Fwp%2Fv2%2Fcomments&post=386"}],"version-history":[{"count":4,"href":"https:\/\/www.sdhceskabriza.cz\/index.php?rest_route=\/wp\/v2\/pages\/386\/revisions"}],"predecessor-version":[{"id":390,"href":"https:\/\/www.sdhceskabriza.cz\/index.php?rest_route=\/wp\/v2\/pages\/386\/revisions\/390"}],"wp:attachment":[{"href":"https:\/\/www.sdhceskabriza.cz\/index.php?rest_route=%2Fwp%2Fv2%2Fmedia&parent=386"}],"curies":[{"name":"wp","href":"https:\/\/api.w.org\/{rel}","templated":true}]}}