{"id":44,"date":"2020-09-28T23:11:54","date_gmt":"2020-09-28T21:11:54","guid":{"rendered":"https:\/\/www.sdhceskabriza.cz\/?page_id=44"},"modified":"2020-09-29T11:37:28","modified_gmt":"2020-09-29T09:37:28","slug":"sponzoruji-nas","status":"publish","type":"page","link":"https:\/\/www.sdhceskabriza.cz\/?page_id=44","title":{"rendered":"Sponzoruj\u00ed n\u00e1s"},"content":{"rendered":"\n<div class=\"wp-block-media-text alignwide\"><figure class=\"wp-block-media-text__media\"><a href=\"https:\/\/klaudis.cz\" target=\"_blank\" rel=\"noopener noreferrer\"><img loading=\"lazy\" width=\"617\" height=\"177\" src=\"https:\/\/www.sdhceskabriza.cz\/wp-content\/uploads\/2020\/09\/klaudis_text.png\" alt=\"\" class=\"wp-image-81\" srcset=\"https:\/\/www.sdhceskabriza.cz\/wp-content\/uploads\/2020\/09\/klaudis_text.png 617w, https:\/\/www.sdhceskabriza.cz\/wp-content\/uploads\/2020\/09\/klaudis_text-300x86.png 300w\" sizes=\"(max-width: 617px) 100vw, 617px\" \/><\/a><\/figure><div class=\"wp-block-media-text__content\">\n<p class=\"has-large-font-size\"><\/p>\n<\/div><\/div>\n\n\n\n<div style=\"height:30px\" aria-hidden=\"true\" class=\"wp-block-spacer\"><\/div>\n\n\n\n<div class=\"wp-block-media-text alignwide has-media-on-the-right\"><figure class=\"wp-block-media-text__media\"><a href=\"http:\/\/www.kuzilek-plasty.cz\" target=\"_blank\" rel=\"noopener noreferrer\"><img loading=\"lazy\" width=\"199\" height=\"83\" src=\"https:\/\/www.sdhceskabriza.cz\/wp-content\/uploads\/2020\/09\/kuzilek_logo.png\" alt=\"\" class=\"wp-image-54\"\/><\/a><\/figure><div class=\"wp-block-media-text__content\">\n<p class=\"has-large-font-size\"><\/p>\n<\/div><\/div>\n\n\n\n<div style=\"height:30px\" aria-hidden=\"true\" class=\"wp-block-spacer\"><\/div>\n\n\n<h1>Zemn\u00ed pr\u00e1ce Miroslav \u0160\u00edr<\/h1>\n<h1>Ji\u0159\u00ed Vurm &#8211; hromosvody<\/h1>\n<h1>Anton\u00edn \u0160tork\u00e1n<\/h1>\n<p>\u00a0<\/p>","protected":false},"excerpt":{"rendered":"<p>Zemn\u00ed pr\u00e1ce Miroslav \u0160\u00edr Ji\u0159\u00ed Vurm &#8211; hromosvody Anton\u00edn \u0160tork\u00e1n \u00a0<\/p>\n","protected":false},"author":1,"featured_media":0,"parent":0,"menu_order":0,"comment_status":"closed","ping_status":"closed","template":"","meta":[],"_links":{"self":[{"href":"https:\/\/www.sdhceskabriza.cz\/index.php?rest_route=\/wp\/v2\/pages\/44"}],"collection":[{"href":"https:\/\/www.sdhceskabriza.cz\/index.php?rest_route=\/wp\/v2\/pages"}],"about":[{"href":"https:\/\/www.sdhceskabriza.cz\/index.php?rest_route=\/wp\/v2\/types\/page"}],"author":[{"embeddable":true,"href":"https:\/\/www.sdhceskabriza.cz\/index.php?rest_route=\/wp\/v2\/users\/1"}],"replies":[{"embeddable":true,"href":"https:\/\/www.sdhceskabriza.cz\/index.php?rest_route=%2Fwp%2Fv2%2Fcomments&post=44"}],"version-history":[{"count":9,"href":"https:\/\/www.sdhceskabriza.cz\/index.php?rest_route=\/wp\/v2\/pages\/44\/revisions"}],"predecessor-version":[{"id":88,"href":"https:\/\/www.sdhceskabriza.cz\/index.php?rest_route=\/wp\/v2\/pages\/44\/revisions\/88"}],"wp:attachment":[{"href":"https:\/\/www.sdhceskabriza.cz\/index.php?rest_route=%2Fwp%2Fv2%2Fmedia&parent=44"}],"curies":[{"name":"wp","href":"https:\/\/api.w.org\/{rel}","templated":true}]}}