{"id":441,"date":"2022-04-07T07:14:59","date_gmt":"2022-04-07T05:14:59","guid":{"rendered":"https:\/\/www.sdhceskabriza.cz\/?page_id=441"},"modified":"2022-04-07T07:14:59","modified_gmt":"2022-04-07T05:14:59","slug":"2020-2","status":"publish","type":"page","link":"https:\/\/www.sdhceskabriza.cz\/?page_id=441","title":{"rendered":"2020"},"content":{"rendered":"\n<p><strong>PLN\u011aN\u00cd ODBORNOST\u00cd A&nbsp;SPECIALIZAC\u00cd<\/strong><\/p>\n\n\n\n<p>Dne 9. \u0159\u00edjna 2020 jsme se v\u0161ichni se\u0161li v&nbsp;na\u0161\u00ed hasi\u010dsk\u00e9 zbrojnici za jedin\u00fdm \u00fa\u010delem \u2013 pln\u011bn\u00ed odbornost\u00ed a specializac\u00ed mlad\u00fdch hasi\u010d\u016f.<\/p>\n\n\n\n<p>Nejprve na n\u00e1s podle vybran\u00e9 odbornosti (specializace) \u010dekal p\u00edsemn\u00fd test, kter\u00fd se skl\u00e1dal ze z\u00e1ke\u0159n\u00fdch ot\u00e1zek, a n\u00e1sledn\u011b jsme v\u0161ichni museli p\u0159edstoupit p\u0159ed zku\u0161ebn\u00ed komisi, kter\u00e1 n\u00e1m pokl\u00e1dala z\u00e1ludn\u00e9 ot\u00e1zky.<\/p>\n\n\n\n<p>Nik\u00fdm ani ni\u010d\u00edm jsme se ale nenechali odradit a v\u0161ichni, kdo jsme se tento den k&nbsp;pln\u011bn\u00ed p\u0159ihl\u00e1sili, jsme v\u0161e \u00fasp\u011b\u0161n\u011b slo\u017eili, dostali jsme certifik\u00e1ty a n\u00e1sledn\u011b na n\u00e1s \u010dekala sladk\u00e1 odm\u011bna v&nbsp;podob\u011b lahodn\u00e9ho dortu.<\/p>\n\n\n\n<p><strong>Odbornost strojn\u00edk junior:<\/strong><\/p>\n\n\n\n<p>\u0160imon Duchoslav<\/p>\n\n\n\n<p>Tereza Komancov\u00e1<\/p>\n\n\n\n<p>Va\u0161\u00edk Hot\u011bk<\/p>\n\n\n\n<p>Honz\u00edk Z\u00e1bran<\/p>\n\n\n\n<p><strong>Odbornost preventista junior:<\/strong><\/p>\n\n\n\n<p>Mark\u00e9ta Plevkov\u00e1<\/p>\n\n\n\n<p><strong>Odbornost preventista:<\/strong><\/p>\n\n\n\n<p>Adam Z\u00e1bran<\/p>\n\n\n\n<p><strong>Odbornost kronik\u00e1\u0159:<\/strong><\/p>\n\n\n\n<p>Barbora Komancov\u00e1<\/p>\n\n\n\n<p><strong>Specializace zdravotn\u00edk:<\/strong><\/p>\n\n\n\n<p>Vojta Duchoslav<\/p>\n\n\n\n<p>Karol\u00edna Mackov\u00e1<\/p>\n\n\n\n<p>David Neumann<\/p>\n\n\n\n<p>David Plevka<\/p>\n\n\n\n<figure class=\"wp-block-image size-large\"><img loading=\"lazy\" width=\"567\" height=\"319\" src=\"https:\/\/www.sdhceskabriza.cz\/wp-content\/uploads\/2022\/04\/obrazek-29.png\" alt=\"\" class=\"wp-image-442\" srcset=\"https:\/\/www.sdhceskabriza.cz\/wp-content\/uploads\/2022\/04\/obrazek-29.png 567w, https:\/\/www.sdhceskabriza.cz\/wp-content\/uploads\/2022\/04\/obrazek-29-300x169.png 300w\" sizes=\"(max-width: 567px) 100vw, 567px\" \/><\/figure>\n\n\n\n<figure class=\"wp-block-image size-large\"><img loading=\"lazy\" width=\"580\" height=\"326\" src=\"https:\/\/www.sdhceskabriza.cz\/wp-content\/uploads\/2022\/04\/obrazek-30.png\" alt=\"\" class=\"wp-image-443\" srcset=\"https:\/\/www.sdhceskabriza.cz\/wp-content\/uploads\/2022\/04\/obrazek-30.png 580w, https:\/\/www.sdhceskabriza.cz\/wp-content\/uploads\/2022\/04\/obrazek-30-300x169.png 300w\" sizes=\"(max-width: 580px) 100vw, 580px\" \/><\/figure>\n","protected":false},"excerpt":{"rendered":"<p>PLN\u011aN\u00cd ODBORNOST\u00cd A&nbsp;SPECIALIZAC\u00cd Dne 9. \u0159\u00edjna 2020 jsme se v\u0161ichni se\u0161li v&nbsp;na\u0161\u00ed hasi\u010dsk\u00e9 zbrojnici za jedin\u00fdm \u00fa\u010delem \u2013 pln\u011bn\u00ed odbornost\u00ed a specializac\u00ed mlad\u00fdch hasi\u010d\u016f. Nejprve na n\u00e1s podle vybran\u00e9 odbornosti (specializace) \u010dekal p\u00edsemn\u00fd test, kter\u00fd se skl\u00e1dal ze z\u00e1ke\u0159n\u00fdch ot\u00e1zek, a n\u00e1sledn\u011b jsme v\u0161ichni museli p\u0159edstoupit p\u0159ed zku\u0161ebn\u00ed komisi, kter\u00e1 n\u00e1m pokl\u00e1dala z\u00e1ludn\u00e9 ot\u00e1zky. Nik\u00fdm &hellip; <a href=\"https:\/\/www.sdhceskabriza.cz\/?page_id=441\">Continue reading <span class=\"meta-nav\">&rarr;<\/span><\/a><\/p>\n","protected":false},"author":1,"featured_media":0,"parent":0,"menu_order":0,"comment_status":"closed","ping_status":"closed","template":"","meta":[],"_links":{"self":[{"href":"https:\/\/www.sdhceskabriza.cz\/index.php?rest_route=\/wp\/v2\/pages\/441"}],"collection":[{"href":"https:\/\/www.sdhceskabriza.cz\/index.php?rest_route=\/wp\/v2\/pages"}],"about":[{"href":"https:\/\/www.sdhceskabriza.cz\/index.php?rest_route=\/wp\/v2\/types\/page"}],"author":[{"embeddable":true,"href":"https:\/\/www.sdhceskabriza.cz\/index.php?rest_route=\/wp\/v2\/users\/1"}],"replies":[{"embeddable":true,"href":"https:\/\/www.sdhceskabriza.cz\/index.php?rest_route=%2Fwp%2Fv2%2Fcomments&post=441"}],"version-history":[{"count":1,"href":"https:\/\/www.sdhceskabriza.cz\/index.php?rest_route=\/wp\/v2\/pages\/441\/revisions"}],"predecessor-version":[{"id":444,"href":"https:\/\/www.sdhceskabriza.cz\/index.php?rest_route=\/wp\/v2\/pages\/441\/revisions\/444"}],"wp:attachment":[{"href":"https:\/\/www.sdhceskabriza.cz\/index.php?rest_route=%2Fwp%2Fv2%2Fmedia&parent=441"}],"curies":[{"name":"wp","href":"https:\/\/api.w.org\/{rel}","templated":true}]}}