{"id":57,"date":"2020-09-28T23:31:59","date_gmt":"2020-09-28T21:31:59","guid":{"rendered":"https:\/\/www.sdhceskabriza.cz\/?page_id=57"},"modified":"2023-04-16T20:30:15","modified_gmt":"2023-04-16T18:30:15","slug":"uvod","status":"publish","type":"page","link":"https:\/\/www.sdhceskabriza.cz\/","title":{"rendered":""},"content":{"rendered":"\n<p>V\u00edtejte na ofici\u00e1ln\u00edch str\u00e1nk\u00e1ch Sboru dobrovoln\u00fdch hasi\u010d\u016f obce \u010cesk\u00e1 B\u0159\u00edza, na kter\u00fdch se m\u016f\u017eete sezn\u00e1mit s&nbsp;na\u0161\u00edm sborem a \u010dinnost\u00ed.<\/p>\n\n\n\n<p>Hasi\u010di v&nbsp;\u010cesk\u00e9 B\u0159\u00edze maj\u00ed dlouholetou tradici, n\u00e1\u0161 sbor byl zalo\u017een ji\u017e v&nbsp;roce 1911. Od t\u00e9to doby se toho mnoho zm\u011bnilo, nicm\u00e9n\u011b hlavn\u00ed c\u00edle \u010dinnosti sboru z\u016fst\u00e1vaj\u00ed stejn\u00e9:<\/p>\n\n\n\n<ul><li>Nab\u00eddnout ob\u010dan\u016fm \u010cesk\u00e9 B\u0159\u00edzy alternativu v&nbsp;aktivn\u00edm tr\u00e1ven\u00ed voln\u00e9ho \u010dasu.<\/li><li>B\u00fdt k&nbsp;dispozici ob\u010dan\u016fm \u010cesk\u00e9 B\u0159\u00edzy v&nbsp;p\u0159\u00edpad\u011b \u0159e\u0161en\u00ed problematick\u00fdch situac\u00ed, mezi kter\u00e9 pat\u0159\u00ed nap\u0159. \u017eiveln\u00ed pohromy, n\u00e1hl\u00e9 zdravotn\u00ed pot\u00ed\u017ee atd.<\/li><li>Doplnit m\u00edstn\u00ed ve\u0159ejn\u00e9 a spole\u010densk\u00e9 d\u011bn\u00ed o chyb\u011bj\u00edc\u00ed prvky jako nap\u0159. Hasi\u010dsk\u00fd ples, ma\u0161karn\u00ed b\u00e1l pro d\u011bti, hasi\u010dsk\u00e9 z\u00e1vody.<\/li><li>Zajistit z\u00e1zem\u00ed a prost\u0159edky pro \u010dinnost jednotky sboru.<\/li><\/ul>\n\n\n\n<p>D\u00e1le je obecn\u00edm \u00fa\u0159adem p\u0159i SDH z\u0159\u00edzena dle z\u00e1kona \u010d. 133\/1985 Sb., o po\u017e\u00e1rn\u00ed ochran\u011b, ve zn\u011bn\u00ed pozd\u011bj\u0161\u00edch p\u0159edpis\u016f, v\u00fdjezdov\u00e1 jednotka. Jednotka SDH je za\u0159azena do kategorie V, tj. jednotka s&nbsp;m\u00edstn\u00ed p\u016fsobnost\u00ed a&nbsp;dobou v\u00fdjezdu do 10 minut. \u010clenov\u00e9 jednotky maj\u00ed p\u0159edepsanou odbornou zp\u016fsobilost a jsou p\u0159ipraveni V\u00e1m, v&nbsp;p\u0159\u00edpad\u011b pot\u0159eby, pomoci 24 hodin denn\u011b, 7 dn\u00ed v&nbsp;t\u00fddnu, 365 dn\u00ed v&nbsp;roce.<\/p>\n","protected":false},"excerpt":{"rendered":"<p>V\u00edtejte na ofici\u00e1ln\u00edch str\u00e1nk\u00e1ch Sboru dobrovoln\u00fdch hasi\u010d\u016f obce \u010cesk\u00e1 B\u0159\u00edza, na kter\u00fdch se m\u016f\u017eete sezn\u00e1mit s&nbsp;na\u0161\u00edm sborem a \u010dinnost\u00ed. Hasi\u010di v&nbsp;\u010cesk\u00e9 B\u0159\u00edze maj\u00ed dlouholetou tradici, n\u00e1\u0161 sbor byl zalo\u017een ji\u017e v&nbsp;roce 1911. Od t\u00e9to doby se toho mnoho zm\u011bnilo, nicm\u00e9n\u011b hlavn\u00ed c\u00edle \u010dinnosti sboru z\u016fst\u00e1vaj\u00ed stejn\u00e9: Nab\u00eddnout ob\u010dan\u016fm \u010cesk\u00e9 B\u0159\u00edzy alternativu v&nbsp;aktivn\u00edm tr\u00e1ven\u00ed voln\u00e9ho \u010dasu. &hellip; <a href=\"https:\/\/www.sdhceskabriza.cz\/\">Continue reading <span class=\"meta-nav\">&rarr;<\/span><\/a><\/p>\n","protected":false},"author":1,"featured_media":0,"parent":0,"menu_order":0,"comment_status":"closed","ping_status":"closed","template":"","meta":[],"_links":{"self":[{"href":"https:\/\/www.sdhceskabriza.cz\/index.php?rest_route=\/wp\/v2\/pages\/57"}],"collection":[{"href":"https:\/\/www.sdhceskabriza.cz\/index.php?rest_route=\/wp\/v2\/pages"}],"about":[{"href":"https:\/\/www.sdhceskabriza.cz\/index.php?rest_route=\/wp\/v2\/types\/page"}],"author":[{"embeddable":true,"href":"https:\/\/www.sdhceskabriza.cz\/index.php?rest_route=\/wp\/v2\/users\/1"}],"replies":[{"embeddable":true,"href":"https:\/\/www.sdhceskabriza.cz\/index.php?rest_route=%2Fwp%2Fv2%2Fcomments&post=57"}],"version-history":[{"count":30,"href":"https:\/\/www.sdhceskabriza.cz\/index.php?rest_route=\/wp\/v2\/pages\/57\/revisions"}],"predecessor-version":[{"id":597,"href":"https:\/\/www.sdhceskabriza.cz\/index.php?rest_route=\/wp\/v2\/pages\/57\/revisions\/597"}],"wp:attachment":[{"href":"https:\/\/www.sdhceskabriza.cz\/index.php?rest_route=%2Fwp%2Fv2%2Fmedia&parent=57"}],"curies":[{"name":"wp","href":"https:\/\/api.w.org\/{rel}","templated":true}]}}